{"id":1094,"date":"2018-09-01T13:22:45","date_gmt":"2018-09-01T13:22:45","guid":{"rendered":"https:\/\/radiosummernight.ch\/?page_id=1094"},"modified":"2025-08-21T10:54:31","modified_gmt":"2025-08-21T08:54:31","slug":"empfang","status":"publish","type":"page","link":"https:\/\/radiosummernight.ch\/fr\/empfang\/","title":{"rendered":"Recevoir Radio Summernight"},"content":{"rendered":"<div  data-label=\"Cta\" data-id=\"cta--3\" data-export-id=\"cta-blue-section\" data-category=\"cta\" class=\"cta-blue-section content-section content-section-spacing-medium bg-color1 white-text\" id=\"cta-2\" style=\"background-image: none; background-color: rgb(94, 94, 94);\"><div  class=\"gridContainer\"> <div  class=\"row middle-xs\"><div  class=\"col-sm-8 space-bottom-xs\" data-type=\"column\"> <h2  class=\"\">Zum RSN Radioplayer im Web<\/h2> <\/div> <div  class=\"col-sm-4 end-sm\" data-type=\"column\"> <a class=\"button color1\" href=\"https:\/\/rsn.radio\/radiosummernight\" target=\"_blank\" data-cp-link=\"1\" data-icon=\"\" rel=\"noopener\">Zum Webplayer<\/a><\/div> <\/div><\/div> <\/div><div  data-label=\"Overlappable\" data-id=\"overlappable--1\" data-export-id=\"overlappable-4\" data-category=\"overlappable\" class=\"overlappable-4 content-section content-section-spacing content-relative\" data-overlap=\"true\" id=\"overlappable-1\" style=\"background-color: rgb(0, 102, 0); background-image: none;\"><div  class=\"gridContainer\"><div  data-type=\"row\" class=\"row spaced-cols text-center\"><div  class=\"col-xs-12 col-sm-4 col-padding col-md-3\"> <div  data-type=\"column\" class=\"\"><h1  class=\"\"><span  style=\"color: rgb(255, 255, 255);\">iOS<\/span><\/h1><img decoding=\"async\" class=\"custom-image\" src=\"#\" alt=\"\" title=\"\"><a data-cp-link=\"1\" href=\"https:\/\/apps.apple.com\/ch\/app\/rsn-radioplayer\/id1497269274\" class=\"\" target=\"_self\" rel=\"noopener\"><img decoding=\"async\" class=\"custom-image\" src=\"https:\/\/radiosummernight.ch\/upload\/b695073d-59ac-49b4-8be2-05e1e509ccd1.png\" title=\"Appstore weiss\" alt=\"\"><\/a><\/div><\/div><div  class=\"col-xs-12 col-sm-4 col-padding col-md-3\"> <div  data-type=\"column\" class=\"\"><h1  class=\"\"><span  style=\"color: rgb(255, 255, 255);\">Android<\/span><\/h1><img decoding=\"async\" class=\"custom-image\" src=\"#\" alt=\"\" title=\"\"><a data-cp-link=\"1\" href=\"https:\/\/play.google.com\/store\/apps\/details?id=de.rsnradioplayer.ch&amp;hl=de_CH\" class=\"\" target=\"_self\" rel=\"noopener\"><img decoding=\"async\" class=\"custom-image\" src=\"https:\/\/radiosummernight.ch\/upload\/03f711a4-9bab-4786-bbfe-6b6da7fcda20.png\" title=\"Playstore weiss\" alt=\"\"><\/a><\/div><\/div><div  class=\"col-xs-12 col-sm-4 col-padding col-md-3\"> <div  data-type=\"column\" class=\"\"><h1  class=\"\"><span  style=\"color: rgb(255, 255, 255);\">Alexa<\/span><\/h1><a data-cp-link=\"1\" href=\"https:\/\/www.amazon.de\/RSN-Media-Radio-Summernight\/dp\/B087CLPRL4\/ref=sr_1_1?__mk_de_DE=%C3%85M%C3%85%C5%BD%C3%95%C3%91&amp;crid=3EKMXFJBG3ILB&amp;dib=eyJ2IjoiMSJ9.mdDGyQOBB8Xjl3Y1iMusGg.OGc7zYEqJooSCW9bzQE5qDE3YvCl2IrZTGGQlrqqj4c&amp;dib_tag=se&amp;keywords=radio%2Bsummer%2Bnight&amp;qid=1722799821&amp;s=digital-skills&amp;sprefix=radio%2Bsummernight%2Calexa-skills%2C97&amp;sr=1-1\" class=\"\" target=\"_self\" rel=\"noopener\"><img decoding=\"async\" class=\"custom-image\" src=\"https:\/\/radiosummernight.ch\/upload\/Amazon-Alexa-logo.png\" title=\"Amazon-Alexa-logo\" alt=\"\"><\/a><\/div><\/div><div  class=\"col-xs-12 col-sm-4 col-padding col-md-3\"> <div  data-type=\"column\" class=\"\"><h1  class=\"\"><span  style=\"color: rgb(255, 255, 255);\">Browser<\/span><\/h1><img decoding=\"async\" class=\"custom-image\" src=\"#\" alt=\"\" title=\"\"><a class=\"button big color-white\" href=\"https:\/\/rsn.radio\/radiosummernight\" target=\"_self\" data-cp-link=\"1\" data-icon=\"fa-play\" rel=\"noopener\"><span  class=\"button-icon fa fa-play\"><\/span>Zum Webplayer<\/a><\/div><\/div><\/div><\/div><\/div><div  data-label=\"Features\" data-id=\"features--1\" data-export-id=\"features-12-card-bordered-colored\" data-category=\"features\" class=\"features-12-card-bordered-colored content-section content-section-spacing\" id=\"features-1\" style=\"background-color: rgb(245, 250, 253);\"><div  class=\"gridContainer\"><div  class=\"row text-center\"><div  class=\"section-title-col\" data-type=\"column\"><\/div><\/div><div  class=\"row spaced-cols\" data-type=\"row\"><div  class=\"col-xs-12 col-sm-6 col-md-12\"><div  class=\"card row-card bottom-border-color2\"><div  class=\"row\"><div  class=\"col-sm-fit icon-column\"> <i  class=\"fa icon fa-play-circle bordered round large color1\"><\/i><\/div><div  class=\"col-sm\" data-type=\"column\"><h5  class=\"color2\">So kannst du uns auch h\u00f6ren<\/h5><p  class=\"\"><span  style=\"font-weight: 900;\">Sonos:\n<\/span><br >\u00c9coute-nous sur Sonos. Pour cela, lance l'application Sonos, puis TuneIn -&gt; Radio Summernight.\n<br ><br ><span  style=\"font-weight: 900;\">Swisscom TV:<\/span><br >\nFr\u00e9quence : 176.<\/p><\/div><\/div><\/div><\/div><\/div><\/div><\/div>","protected":false},"excerpt":{"rendered":"<p>Zum RSN Radioplayer im Web Zum Webplayer iOS Android Alexa BrowserZum Webplayer So kannst du uns auch h\u00f6renSonos: H\u00f6re uns \u00fcber Sonos, Starte daf\u00fcr die Sonos App und dann TuneIn -&gt; Radio Summenright Swisscom TV: Sendeplatz: 176<\/p>","protected":false},"author":1,"featured_media":0,"parent":0,"menu_order":0,"comment_status":"closed","ping_status":"closed","template":"pro\/page-templates\/full-width-page.php","meta":{"episode_type":"","audio_file":"","podmotor_file_id":"","podmotor_episode_id":"","cover_image":"","cover_image_id":"","duration":"","filesize":"","filesize_raw":"","date_recorded":"","explicit":"","block":"","itunes_episode_number":"","itunes_title":"","itunes_season_number":"","itunes_episode_type":"","footnotes":""},"class_list":["post-1094","page","type-page","status-publish","hentry"],"_links":{"self":[{"href":"https:\/\/radiosummernight.ch\/fr\/wp-json\/wp\/v2\/pages\/1094","targetHints":{"allow":["GET"]}}],"collection":[{"href":"https:\/\/radiosummernight.ch\/fr\/wp-json\/wp\/v2\/pages"}],"about":[{"href":"https:\/\/radiosummernight.ch\/fr\/wp-json\/wp\/v2\/types\/page"}],"author":[{"embeddable":true,"href":"https:\/\/radiosummernight.ch\/fr\/wp-json\/wp\/v2\/users\/1"}],"replies":[{"embeddable":true,"href":"https:\/\/radiosummernight.ch\/fr\/wp-json\/wp\/v2\/comments?post=1094"}],"version-history":[{"count":0,"href":"https:\/\/radiosummernight.ch\/fr\/wp-json\/wp\/v2\/pages\/1094\/revisions"}],"wp:attachment":[{"href":"https:\/\/radiosummernight.ch\/fr\/wp-json\/wp\/v2\/media?parent=1094"}],"curies":[{"name":"wp","href":"https:\/\/api.w.org\/{rel}","templated":true}]}}