{"id":11334,"date":"2023-01-31T21:08:13","date_gmt":"2023-01-31T20:08:13","guid":{"rendered":"https:\/\/radiosummernight.ch\/jobs-2\/"},"modified":"2023-05-18T10:01:39","modified_gmt":"2023-05-18T08:01:39","slug":"job-suche","status":"publish","type":"page","link":"https:\/\/radiosummernight.ch\/fr\/job-suche\/","title":{"rendered":"Postes ouverts chez Radio Summernight"},"content":{"rendered":"<div data-label=\"About\" data-id=\"about--1\" data-export-id=\"about-text-image\" data-category=\"about\" class=\"about-text-image content-section content-section-spacing\" id=\"about-1\" style=\"background-color: #f5fafd;\">\r\n<div class=\"gridContainer\">\r\n<div class=\"row\">\r\n<div class=\"col-sm-6 col-padding-small-xs col-sm-padding-large bg-color5 white-text content-col\" data-type=\"column\">\r\n<h2 class=\"\">Ta radio jeunesse en tant qu'employeur<\/h2>\r\n<p class=\"\">Veux-tu transformer ta passion pour la musique, le divertissement et la culture jeunesse en carri\u00e8re ? Saisis maintenant ta chance de vivre ta passion au quotidien.<\/p>\r\n\r\n<\/div>\r\n<div class=\"col-sm-6 flexbox-strech center-xs middle-xs no-gutter-col\">\r\n<div class=\"shadow-large overlap-left-large flexbox middle-xs center-xs right-img\" data-bg=\"image\" style=\"background-image: url('https:\/\/radiosummernight.ch\/upload\/2023\/05\/DSC02830-2023-05-04-04_32_05-scaled.jpg');\"><\/div>\r\n<\/div>\r\n<\/div>\r\n<\/div>\r\n<\/div>\r\n<div data-id=\"initial-content-section\" data-export-id=\"initial-content-section\" data-label=\"Initial Content\" id=\"initial-content-section\" class=\"content-section content-section-spacing\">\r\n<div class=\"gridContainer\">\r\n<div class=\"row\">\r\n<div class=\"col-xs-12 col-sm-12\">\r\n\r\n&nbsp;\r\n<div class=\"job_listings\" data-location=\"\" data-keywords=\"\" data-show_filters=\"true\" data-show_pagination=\"false\" data-per_page=\"10\" data-orderby=\"featured\" data-order=\"DESC\" data-categories=\"\" data-disable-form-state-storage=\"\" data-featured_first=\"false\" data-post_id=\"11334\" >\n<form class=\"job_filters\" action=\"\">\n\t\n\t<div class=\"search_jobs\">\n\t\t\n\t\t<div class=\"search_keywords\">\n\t\t\t<label for=\"search_keywords\">Mots-cl\u00e9s<\/label>\n\t\t\t<input type=\"text\" name=\"search_keywords\" id=\"search_keywords\" placeholder=\"Mots-cl\u00e9s\" value=\"\" \/>\n\t\t<\/div>\n\n\t\t<div class=\"search_location\">\n\t\t\t<label for=\"search_location\">Localisation<\/label>\n\t\t\t<input type=\"text\" name=\"search_location\" id=\"search_location\" placeholder=\"Localisation\" value=\"\" \/>\n\t\t<\/div>\n\n\t\t\n\t\t<div style=\"clear: both\"><\/div>\n\n\t\t\n\t\t\t\t\t<div class=\"search_submit\">\n\t\t\t\t<input type=\"submit\" value=\"Rechercher des offres d\u2019emploi\">\n\t\t\t<\/div>\n\t\t\n\t\t\t<\/div>\n\n\t\t<ul class=\"job_types\">\n\t\t\t\t\t<li><label for=\"job_type_praktikum\" class=\"praktikum\"><input type=\"checkbox\" name=\"filter_job_type[]\" value=\"praktikum\"  checked='checked' id=\"job_type_praktikum\" \/> Praktikum<\/label><\/li>\n\t\t\t\t\t<li><label for=\"job_type_teilzeit\" class=\"teilzeit\"><input type=\"checkbox\" name=\"filter_job_type[]\" value=\"teilzeit\"  checked='checked' id=\"job_type_teilzeit\" \/> Teilzeit<\/label><\/li>\n\t\t\t\t\t<li><label for=\"job_type_vollzeit\" class=\"vollzeit\"><input type=\"checkbox\" name=\"filter_job_type[]\" value=\"vollzeit\"  checked='checked' id=\"job_type_vollzeit\" \/> Vollzeit<\/label><\/li>\n\t\t\t<\/ul>\n\t<input type=\"hidden\" name=\"filter_job_type[]\" value=\"\" \/>\n<div class=\"showing_jobs\"><\/div><input type=\"hidden\" name=\"trp-form-language\" value=\"fr\"\/><\/form>\n\n\n<noscript>Votre navigateur ne supporte pas JavaScript, ou bien JavaScript est d\u00e9sactiv\u00e9. JavaScript doit \u00eatre activ\u00e9 pour pouvoir visualiser des postes.<\/noscript>\n<ul class=\"job_listings\">\n<\/ul>\n<a class=\"load_more_jobs\" href=\"#\" style=\"display:none;\"><strong>Afficher plus d\u2019offres<\/strong><\/a><\/div>\r\n<\/div>\r\n<\/div>\r\n<\/div>\r\n<\/div>","protected":false},"excerpt":{"rendered":"<p>Dein Jugendradio als Arbeitgeber M\u00f6chtest du deine Leidenschaft f\u00fcr Musik, Entertainment und Jugendkultur zum Beruf machen? Nutze jetzt deine Chance, deine Leidenschaft t\u00e4glich zu leben. &nbsp;<\/p>","protected":false},"author":1,"featured_media":0,"parent":0,"menu_order":0,"comment_status":"closed","ping_status":"closed","template":"pro\/page-templates\/full-width-page.php","meta":{"episode_type":"","audio_file":"","podmotor_file_id":"","podmotor_episode_id":"","cover_image":"","cover_image_id":"","duration":"","filesize":"","filesize_raw":"","date_recorded":"","explicit":"","block":"","itunes_episode_number":"","itunes_title":"","itunes_season_number":"","itunes_episode_type":"","footnotes":""},"class_list":["post-11334","page","type-page","status-publish","hentry"],"_links":{"self":[{"href":"https:\/\/radiosummernight.ch\/fr\/wp-json\/wp\/v2\/pages\/11334","targetHints":{"allow":["GET"]}}],"collection":[{"href":"https:\/\/radiosummernight.ch\/fr\/wp-json\/wp\/v2\/pages"}],"about":[{"href":"https:\/\/radiosummernight.ch\/fr\/wp-json\/wp\/v2\/types\/page"}],"author":[{"embeddable":true,"href":"https:\/\/radiosummernight.ch\/fr\/wp-json\/wp\/v2\/users\/1"}],"replies":[{"embeddable":true,"href":"https:\/\/radiosummernight.ch\/fr\/wp-json\/wp\/v2\/comments?post=11334"}],"version-history":[{"count":0,"href":"https:\/\/radiosummernight.ch\/fr\/wp-json\/wp\/v2\/pages\/11334\/revisions"}],"wp:attachment":[{"href":"https:\/\/radiosummernight.ch\/fr\/wp-json\/wp\/v2\/media?parent=11334"}],"curies":[{"name":"wp","href":"https:\/\/api.w.org\/{rel}","templated":true}]}}