{"id":12733,"date":"2023-04-20T16:28:22","date_gmt":"2023-04-20T14:28:22","guid":{"rendered":"https:\/\/radiosummernight.ch\/?page_id=12733"},"modified":"2026-02-10T09:14:09","modified_gmt":"2026-02-10T08:14:09","slug":"hobby","status":"publish","type":"page","link":"https:\/\/radiosummernight.ch\/fr\/hobby\/","title":{"rendered":"Tu cherches un nouveau hobby ?"},"content":{"rendered":"<div  data-label=\"Vorgaben\" data-id=\"about--2\" data-export-id=\"about-text-image\" data-category=\"about\" class=\"about-text-image content-section content-section-spacing\" id=\"vorgaben\" style=\"background-color: #ffffff; background-image: none;\"><div  class=\"gridContainer\"><div  class=\"row\"><div  class=\"col-sm-6 col-padding-small-xs col-sm-padding-large bg-color5 white-text content-col\" data-type=\"column\"><h2  class=\"\">Directives<\/h2><p  class=\"lead\">Tu es \u2026<br >... \u00e2g\u00e9s de 11 \u00e0 30 ans\n<br >... communicatif et capable de travailler en \u00e9quipe<br >\u2026bereit Neues zu lernen<\/p><\/div><div  class=\"col-sm-6 flexbox-strech center-xs middle-xs no-gutter-col\"><div  class=\"shadow-large overlap-left-large flexbox middle-xs center-xs right-img lazy\" data-bg=\"image\" data-was-processed=\"true\" style=\"background-image: url('https:\/\/radiosummernight.ch\/upload\/2023\/03\/cropped-cropped-IMG_2478-scaled-1.jpeg');\"><\/div><\/div><\/div><\/div><\/div><div  data-label=\"Mglichkeiten\" data-id=\"content--1\" data-export-id=\"content-5\" data-category=\"content\" class=\"content-5 content-section content-section-spacing content-relative\" id=\"mglichkeiten\" style=\"background-color: #ffffff;\"><div  class=\"gridContainer\"><div  class=\"row middle-sm\"><div  class=\"col-sm-6 space-bottom-xs\"><div  class=\"row space-bottom content-holder\" data-type=\"column\"><h3  class=\"color2\">Tes opportunit\u00e9s \u00e0 la radio jeunesse<\/h3><\/div><div  class=\"row space-bottom\" data-type=\"row\"><div  class=\"col-sm-6 space-bottom\"><h5  class=\"\">Animation<\/h5><p  class=\"\">Egal, ob im Auto, im Supermarkt oder in der K\u00fcche beim Kochen: Da ist immer diese Stimme, die dich \u00fcberallhin begleitet, n\u00e4mlich die der Radiomoderatorin oder des Radiomoderator. Das k\u00f6nnte deine Stimme sein: Du f\u00fchrst Interviews, bestimmst den Ablauf der Sendung und koordinierst die Beitr\u00e4ge und die Musik. Als Moderatorin oder Moderator gibst du der Sendung deine Stimme. Deine Storys, Interviews und Beitr\u00e4ge h\u00f6ren tausende H\u00f6rerinnen und H\u00f6rer Live mit.<\/p><\/div><div  class=\"col-sm-6\"><h5  class=\"\">Marketing<\/h5><p  class=\"\">Interesse an Marketing? Organisiere aufwendige Partnerschaften mit S\u00e4ngerinnen und S\u00e4nger, Festivalveranstaltern, Unternehmen oder mit Clubs. Du bist Ansprechpartnerin oder Ansprechpartner f\u00fcr unsere nationalen Partner, und somit bist du die Schnittstelle zwischen Partner und Redaktion. Du lernst wie man Kampagnen plant und setzt das erlernte bei unseren Plakat- und Onlinekampagnen um.<\/p><\/div><div  class=\"col-sm-6 space-bottom\"><h5  class=\"\">R\u00e9daction<\/h5><p  class=\"\">Werde ein Teil unserer Redaktion und produziere Geschichten. Als Redakteurin und Redaktuer setzt du deine eigenen Reportagen, Interviews und Portr\u00e4ts um, welche tausende Jugendliche und junge Erwachsene lesen und h\u00f6ren.<\/p><\/div><div  class=\"col-sm-6\"><h5  class=\"\">Podcast<\/h5><p  class=\"\">Live auf Sendung gehen ist nicht so dein Ding? Kein Problem! In unseren Studios kann man ideal Podcasts aufnehmen, die wir sp\u00e4ter im Radio einplanen k\u00f6nnen. Wir sind mit unserem News- und Podcast-Angebot auf allen Plattformen vertreten.<\/p><\/div><div  class=\"col-sm-6 space-bottom\"><h5  class=\"\">M\u00e9dias sociaux et TikTok<\/h5><p  class=\"\">Si tu t'int\u00e9resses aux m\u00e9dias sociaux et \u00e0 TikTok, tu es \u00e0 la bonne adresse chez nous ! Nous utilisons ces plateformes pour rendre nos contenus accessibles \u00e0 un public encore plus large. Tu peux cr\u00e9er des contenus cr\u00e9atifs, lancer des tendances et g\u00e9rer notre communaut\u00e9 sur diff\u00e9rents canaux.<\/p><\/div><div  class=\"col-sm-6 space-bottom\"><h5  class=\"\">Journalisme de pr\u00e8s<\/h5><p  class=\"\">Aarau24 bietet die M\u00f6glichkeit, als angehende Journalistin oder angehender Journalist praktische Erfahrungen im Lokaljournalismus zu sammeln, von der Recherche bis zur Berichterstattung. Als Teil des Teams kannst du das Geschehen in Aarau und Umgebung hautnah erleben und dar\u00fcber informieren, was in unserer Region wichtig ist.<\/p><\/div><\/div><\/div><div  class=\"col-sm-6 flexbox around-xs top-xs space-bottom-xs\"><div  class=\"overlay-box flexbox middle-xs center-xs overlay-holder\"><div  class=\"overlay-box-offset offset-background shadow-medium bg-color2 hide-xs\"><\/div><img wpfc-lazyload-disable=\"true\" decoding=\"async\" class=\"flexbox shadow-large img1 lazy loaded\" data-size=\"485x632\" src=\"https:\/\/radiosummernight.ch\/upload\/2023\/05\/cropped-DSC02813-2023-05-04-04_32_03-scaled-2.jpg\" data-src=\"https:\/\/radiosummernight.ch\/upload\/2023\/05\/cropped-DSC02813-2023-05-04-04_32_03-scaled-2.jpg\" title=\"DSC02813 2023-05-04 04_32_03\" alt=\"\" data-was-processed=\"true\" data-><\/div><\/div><\/div><\/div><\/div><div  data-label=\"CTA Mitmachen\" data-id=\"cta--1\" data-export-id=\"cta-blue-section\" data-category=\"cta\" class=\"cta-blue-section content-section content-section-spacing-medium bg-color1 white-text\" id=\"cta-mitmachen\"><div  class=\"gridContainer\"><div  class=\"row middle-xs\"><div  class=\"col-sm-8 space-bottom-xs\" data-type=\"column\"><h2  class=\"\">Participe ! Contacte-nous.<\/h2><\/div><div  class=\"col-sm-4 end-sm\" data-type=\"column\"><a  class=\"button color-white dark-text\" href=\"#kontakt\" target=\"_self\" data-cp-link=\"1\" data-icon=\"\" rel=\"noopener\">Vers le formulaire<\/a><\/div><\/div><\/div><\/div><div  data-label=\"Ausbildung\" data-id=\"content--3\" data-export-id=\"content-8\" data-category=\"content\" class=\"content-8 content-section content-section-spacing content-relative\" id=\"ausbildung\" style=\"background-color: #ffffff;\"><div  class=\"section-separator-top\"><svg  class=\"section-separator-top\" data-separator-name=\"triangle-asymmetrical-negative\" preserveaspectratio=\"none\" viewbox=\"0 0 1000 100\" xmlns=\"http:\/\/www.w3.org\/2000\/svg\"> <path  class=\"svg-white-bg\" d=\"M737.9,94.7L0,0v100h1000V0L737.9,94.7z\"><\/path> <\/svg><\/div><div  class=\"gridContainer\"><div  class=\"row middle-sm\"><div  class=\"col-sm-6 space-bottom-xs space-top-xs\" data-type=\"column\"><img wpfc-lazyload-disable=\"true\" decoding=\"async\" class=\"shadow-large lazy loaded\" src=\"https:\/\/radiosummernight.ch\/upload\/DSC05279-scaled.jpg\" data-src=\"https:\/\/radiosummernight.ch\/upload\/DSC05279-scaled.jpg\" title=\"DSC05279\" alt=\"\" data-was-processed=\"true\" data-><\/div><div  class=\"col-sm-6\" data-type=\"column\"><h2  class=\"\">Formation<\/h2><p  class=\"\">Radio Summernight ist ein Jugend- und Ausbildungsradio. Die umfassende Ausbildung der Mitglieder von RSN steht bei uns im Mittelpunkt. Radio Summernight versteht sich als Sprungbrett, um jungen, interessierten und talentierten Menschen eine Chance zum Einstieg in die Medienlandschaft zu geben. Unerfahrene und unge\u00fcbte Musiknerds\/Radiofreaks k\u00f6nnen erste Erfahrungen sammeln, die sonst bei keinem Radio m\u00f6glich sind. Eine fundierte Aus- und Weiterbildung ist ein Kernanliegen von Radio Summernight. So sollen zwar alle RSN Mitgliederinnen und Mitglieder m\u00f6glichst fr\u00fch ins kalte Wasser springen und bereits nach kurzer Zeit am Sender zu h\u00f6ren sein, allerdings sollen neue Mitwirkende auch bestm\u00f6glich eingearbeitet und durch regelm\u00e4ssig stattfindende Kurstage weitergebildet werden, damit von Anfang an ein Grundniveau an Professionalit\u00e4t gew\u00e4hrleistet ist.<\/p><a  class=\"button color1\" href=\"https:\/\/radiosummernight.ch\/fr\/radiokurse\/?page=undefined\" target=\"lightbox\" data-cp-link=\"1\" data-icon=\"\" rel=\"noopener\">Vers les cours<\/a><\/div><\/div><\/div><\/div><div  data-label=\"Das bekommst du\" data-id=\"content--5\" data-export-id=\"content-5-2\" data-category=\"content\" class=\"content-5-2 content-section content-section-spacing\" id=\"das-bekommst-du\" style=\"background-color: rgba(245, 250, 253, 0); background-image: none;\"><div  class=\"gridContainer\"><div  class=\"row middle-sm\"><div  class=\"col-sm-6 flexbox around-xs top-xs\"><div  class=\"overlay-box flexbox middle-xs center-xs overlay-holder\"><div  class=\"overlay-box-offset offset-background shadow-medium bg-color2 hide-xs\"><\/div><img wpfc-lazyload-disable=\"true\" decoding=\"async\" class=\"flexbox shadow-large img1 lazy loaded\" data-size=\"485x632\" src=\"https:\/\/radiosummernight.ch\/upload\/2023\/02\/cropped-IMG_4543-scaled-1.jpeg\" data-src=\"https:\/\/radiosummernight.ch\/upload\/2023\/02\/cropped-IMG_4543-scaled-1.jpeg\" title=\"IMG_4543\" alt=\"\" data-was-processed=\"true\" data-><\/div><\/div><div  class=\"col-sm-6 space-bottom-xs\"><div  class=\"row space-bottom content-holder\" data-type=\"column\"><h3  class=\"color2\">Voici ce que tu obtiens:<\/h3><p  class=\"\">Du kannst deine eigenen Ideen ins Projekt einfliessen lassen und wirst Mitglied der RSN-Familie. Unser Jugendradio wird von rund 30 ehrenamtlichen Mitgliederinnen und Mitglieder betreut und vorangetrieben. Als Teil des Projekts laden wir dich regelm\u00e4ssig zu tollen Teamevents und spannenden Kursen ein. Zudem kannst du als Journalistin oder Journalist bei diversen Festivals, Openairs und Sportevents dabei sein und dar\u00fcber berichten.<\/p><\/div><div  class=\"row space-bottom\" data-type=\"row\"><div  class=\"col-sm-6 space-bottom\"><h5  class=\"\">Ateliers<\/h5><p  class=\"\">F\u00fcr alle Mitgliederinnen und Mitglieder bieten wir verschiedenste Kurse und Workshops kostenlos an. <a  href=\"https:\/\/radiosummernight.ch\/fr\/radiokurse\/\" target=\"_blank\" data-cp-link=\"1\" rel=\"noopener\">En savoir plus \u00e0 ce sujet.<\/a><\/p><\/div><div  class=\"col-sm-6\"><\/div><div  class=\"col-sm-6 space-bottom\"><h5  class=\"\">\u00c9v\u00e9nements<\/h5><p  class=\"\">Durch diverse Partnerschaften senden wir von unterschiedlichsten Orten Live. Mal aus der Badi, mal von einem Festival und ein andermal aus einem Fussballstadion der Super league. J\u00e4hrlich senden wir von etwa 10 Openairs Live, darunter sind das OpenAir Frauenfeld, St. Gallen, Z\u00fcrichAir, Fr\u00fchlingstr\u00fcmmel, Sommerloch Openair und Variaktion.<\/p><\/div><div  class=\"col-sm-6\"><h5  class=\"\">Web \/ Application \/ C\u00e2ble \/ Alexa<\/h5><p  class=\"\">Nous diffusons ton \u00e9mission, ta contribution r\u00e9dactionnelle ou tout autre contenu sur tous les canaux, via notre site web, l'application RSN, les enceintes intelligentes (Alexa) et \u00e0 la t\u00e9l\u00e9vision (Swisscom TV, Apple TV et Samsung TV).<\/p><\/div><\/div><\/div><\/div><\/div><\/div><div  data-label=\"Ablauf\" data-id=\"features--1\" data-export-id=\"features-5\" data-category=\"features\" class=\"features-5 content-section-spacing content-relative dark-text\" id=\"ablauf\" style=\"background-color: rgba(245, 250, 253, 0); background-image: none;\" data-section-ov=\"1\"><div  class=\"gridContainer\"><div  class=\"row text-center\" data-type=\"row\"><div  class=\"col-xs-12 col-sm-4 col-md-4 col-padding-small\"><div  class=\"number-container\"><div  class=\"link-line left bg-color1\"><\/div><p  class=\"number border-color1 color1\"><span >1<\/span><\/p><div  class=\"link-line right bg-color1\"><\/div><\/div><div  data-type=\"column\" class=\"\"><h5  class=\"\">Entretien pr\u00e9liminaire<\/h5><p  class=\"text-center\">D\u00e8s que tu auras pris contact avec nous, nous organiserons un premier entretien. Nous y r\u00e9pondrons \u00e0 tes questions et te dirons qui nous sommes et ce que nous faisons.<\/p><\/div><\/div><div  class=\"col-xs-12 col-sm-4 col-md-4 col-padding-small\"><div  class=\"number-container\"><div  class=\"link-line left bg-color1\"><\/div><p  class=\"number border-color1 color1\"><span >2<\/span><\/p><div  class=\"link-line right bg-color1\"><\/div><\/div><div  data-type=\"column\" class=\"\"><h5  class=\"\">Cours d'introduction<\/h5><p  class=\"text-center\">Si tu d\u00e9cides de te lancer dans un nouveau hobby \u00e0 la radio des jeunes, tu suivras les cours d'introduction n\u00e9cessaires, le soir ou le week-end, selon les cas.<\/p><\/div><\/div><div  class=\"col-xs-12 col-sm-4 col-md-4 col-padding-small\"><div  class=\"number-container\"><div  class=\"link-line left bg-color1\"><\/div><p  class=\"number border-color1 color1\"><span >3<\/span><\/p><div  class=\"link-line right bg-color1\"><\/div><\/div><div  data-type=\"column\" class=\"\"><h5  class=\"\">&nbsp;\u00c9mission de radio \/ Podcast<\/h5><p  class=\"text-center\">Zusammen mit anderen aus dem RSN-Team, einem deiner Kollegen oder alleine startest du mit deiner Sendung, deinem Podcast oder als Reporterin oder Reporter.<\/p><\/div><\/div><\/div><\/div><div  class=\"section-separator-bottom\"><svg  class=\"section-separator-bottom\" data-separator-name=\"triangle-asymmetrical-negative\" preserveaspectratio=\"none\" viewbox=\"0 0 1000 100\" xmlns=\"http:\/\/www.w3.org\/2000\/svg\"> <path  class=\"svg-white-bg\" d=\"M737.9,94.7L0,0v100h1000V0L737.9,94.7z\"><\/path> <\/svg><\/div><\/div><div  data-label=\"Kontakt\" data-id=\"contact--1\" data-export-id=\"contact-1\" data-category=\"contact\" class=\"contact-1 content-section content-section-spacing white-text wp-dark-mode-ignore lazy\" data-parallax-depth=\"20\" id=\"kontakt\" style=\"background-color: #ffffff; background-size: cover; background-position: center top;\" data-bg=\"url(&quot;https:\/\/radiosummernight.ch\/upload\/2023\/01\/29505C27-ADE9-4B4A-A0A7-0D5782FB966F.jpeg&quot;)\" data-section-ov=\"1\" data-was-processed=\"true\"><div  class=\"wp-dark-mode-ignore gridContainer\"><div  class=\"row text-center wp-dark-mode-ignore\"><div  class=\"section-title-col wp-dark-mode-ignore\" data-type=\"column\"><h2  class=\"wp-dark-mode-ignore\">Nous avons \u00e9veill\u00e9 ton int\u00e9r\u00eat ?<\/h2><p  class=\"lead wp-dark-mode-ignore\">Laisse tes coordonn\u00e9es et nous prendrons contact avec toi.<\/p><\/div><\/div><div  class=\"row text-center wp-dark-mode-ignore\"><div  class=\"col-xs-12 col-sm-8 col-sm-offset-2 contact-form-wrapper inline-info wp-dark-mode-ignore\"><div  class=\"card large-padding wp-dark-mode-ignore\"><div  class=\"wp-dark-mode-ignore\" data-content-shortcode=\"mesmerize_contact_form shortcode=&quot;contact-form-7 id=&amp;amp;quot;1320&amp;amp;quot; title=&amp;amp;quot;Kontaktformular HOBBY&amp;amp;quot;&quot;\" data-editable=\"true\">\n<div class=\"wpcf7 no-js\" id=\"wpcf7-f1320-o1\" lang=\"de-CH\" dir=\"ltr\" data-wpcf7-id=\"1320\">\n<div class=\"screen-reader-response\"><p role=\"status\" aria-live=\"polite\" aria-atomic=\"true\"><\/p> <ul><\/ul><\/div>\n<form action=\"\/fr\/wp-json\/wp\/v2\/pages\/12733#wpcf7-f1320-o1\" method=\"post\" class=\"wpcf7-form init\" aria-label=\"Contact form\" novalidate=\"novalidate\" data-status=\"init\" data-trp-original-action=\"\/fr\/wp-json\/wp\/v2\/pages\/12733#wpcf7-f1320-o1\">\n<fieldset class=\"hidden-fields-container\"><input type=\"hidden\" name=\"_wpcf7\" value=\"1320\" \/><input type=\"hidden\" name=\"_wpcf7_version\" value=\"6.1.5\" \/><input type=\"hidden\" name=\"_wpcf7_locale\" value=\"de_CH\" \/><input type=\"hidden\" name=\"_wpcf7_unit_tag\" value=\"wpcf7-f1320-o1\" \/><input type=\"hidden\" name=\"_wpcf7_container_post\" value=\"0\" \/><input type=\"hidden\" name=\"_wpcf7_posted_data_hash\" value=\"\" \/>\n<\/fieldset>\n<p><span style=\"color:black\">Nom<\/span><br \/>\n<span class=\"wpcf7-form-control-wrap\" data-name=\"Name\"><input size=\"40\" maxlength=\"400\" class=\"wpcf7-form-control wpcf7-text wpcf7-validates-as-required\" aria-required=\"true\" aria-invalid=\"false\" value=\"\" type=\"text\" name=\"Name\" \/><\/span><br \/>\n<span style=\"color:black\">E-Mail<\/span><br \/>\n<span class=\"wpcf7-form-control-wrap\" data-name=\"Email\"><input size=\"40\" maxlength=\"400\" class=\"wpcf7-form-control wpcf7-email wpcf7-validates-as-required wpcf7-text wpcf7-validates-as-email\" aria-required=\"true\" aria-invalid=\"false\" value=\"\" type=\"email\" name=\"Email\" \/><\/span><br \/>\n<span style=\"color:black\">Num\u00e9ro de t\u00e9l\u00e9phone<\/span><br \/>\n<span class=\"wpcf7-form-control-wrap\" data-name=\"Telefonnummer\"><input size=\"40\" maxlength=\"400\" class=\"wpcf7-form-control wpcf7-tel wpcf7-validates-as-required wpcf7-text wpcf7-validates-as-tel\" aria-required=\"true\" aria-invalid=\"false\" value=\"\" type=\"tel\" name=\"Telefonnummer\" \/><\/span>\n<\/p>\n<spacer type=\"horizontal\" size=\"150\">\n\t<p><span style=\"color:black\">Int\u00e9r\u00eats<\/span>\n\t<\/p>\n\t<p><span class=\"wpcf7-form-control-wrap\" data-name=\"Interessen\"><span class=\"wpcf7-form-control wpcf7-checkbox wpcf7-validates-as-required\"><span class=\"wpcf7-list-item first\"><label><input type=\"checkbox\" name=\"Interessen[]\" value=\"Moderation\" \/><span class=\"wpcf7-list-item-label\">Animation<\/span><\/label><\/span><span class=\"wpcf7-list-item\"><label><input type=\"checkbox\" name=\"Interessen[]\" value=\"Redaktion\" \/><span class=\"wpcf7-list-item-label\">R\u00e9daction<\/span><\/label><\/span><span class=\"wpcf7-list-item\"><label><input type=\"checkbox\" name=\"Interessen[]\" value=\"Podcast\" \/><span class=\"wpcf7-list-item-label\">Podcast<\/span><\/label><\/span><span class=\"wpcf7-list-item\"><label><input type=\"checkbox\" name=\"Interessen[]\" value=\"Marketing\" \/><span class=\"wpcf7-list-item-label\">Marketing<\/span><\/label><\/span><span class=\"wpcf7-list-item\"><label><input type=\"checkbox\" name=\"Interessen[]\" value=\"Social Media und TikTok\" \/><span class=\"wpcf7-list-item-label\">M\u00e9dias sociaux et TikTok<\/span><\/label><\/span><span class=\"wpcf7-list-item\"><label><input type=\"checkbox\" name=\"Interessen[]\" value=\"Aarau24 (Zeitung)\" \/><span class=\"wpcf7-list-item-label\">Aarau24 (Zeitung)<\/span><\/label><\/span><span class=\"wpcf7-list-item last\"><label><input type=\"checkbox\" name=\"Interessen[]\" value=\"Technik\" \/><span class=\"wpcf7-list-item-label\">Technik<\/span><\/label><\/span><\/span><\/span>\n\t<\/p>\n\t<p><span style=\"color:black\">Emplacement<\/span>\n\t<\/p>\n\t<p><span class=\"wpcf7-form-control-wrap\" data-name=\"Standort\"><span class=\"wpcf7-form-control wpcf7-checkbox wpcf7-validates-as-required\"><span class=\"wpcf7-list-item first\"><label><input type=\"checkbox\" name=\"Standort[]\" value=\"Aarau\" \/><span class=\"wpcf7-list-item-label\">Aarau<\/span><\/label><\/span><span class=\"wpcf7-list-item last\"><label><input type=\"checkbox\" name=\"Standort[]\" value=\"R\u00fcti ZH\" \/><span class=\"wpcf7-list-item-label\">R\u00fcti ZH<\/span><\/label><\/span><\/span><\/span>\n\t<\/p>\n\t<p><span style=\"color:black\">Remarques<\/span><br \/>\n<span class=\"wpcf7-form-control-wrap\" data-name=\"Bemerkungen\"><input size=\"40\" maxlength=\"400\" class=\"wpcf7-form-control wpcf7-text\" aria-invalid=\"false\" value=\"\" type=\"text\" name=\"Bemerkungen\" \/><\/span>\n\t<\/p>\n\t<p><input class=\"wpcf7-form-control wpcf7-submit has-spinner button\" id=\"form-submit\" type=\"submit\" value=\"Prendre contact\" \/>\n\t<\/p>\n<\/spacer><div class=\"wpcf7-response-output\" aria-hidden=\"true\"><\/div>\n<input type=\"hidden\" name=\"trp-form-language\" value=\"fr\"\/><\/form>\n<\/div>\n<\/div><\/div><\/div><\/div><\/div><\/div><div  data-label=\"Contactgl\" data-id=\"contact--2\" data-export-id=\"contact-5\" data-category=\"contact\" class=\"contact-5 content-section content-section-spacing\" id=\"contactgl\" style=\"background-color: #ffffff; background-image: none;\"><div  class=\"gridContainer\"><div  class=\"row text-center\"><div  class=\"section-title-col\" data-type=\"column\"><\/div><\/div><div  class=\"row middle-sm\"><div  class=\"col-xs-12 col-sm-6 image-holder space-bottom-xs\"><img class=\"lazy loaded\" wpfc-lazyload-disable=\"true\" decoding=\"async\" src=\"https:\/\/radiosummernight.ch\/upload\/Kopie-von-Artikel-Bild-Aarau24-27.png\" data-src=\"https:\/\/radiosummernight.ch\/upload\/Kopie-von-Artikel-Bild-Aarau24-27.png\" title=\"Kopie von Artikel Bild Aarau24 (27)\" alt=\"\" data-was-processed=\"true\" data-><\/div><div  class=\"col-xs-12 col-sm-6\"><div  class=\"row middle-sm\"><div  data-type=\"column\" class=\"col-xs-12 space-bottom-small\"><h3  class=\"color1\">Je me tiens \u00e0 ta disposition pour toute question ou suggestion.<\/h3><\/div><\/div><div  class=\"row middle-sm\" data-type=\"row\"><div  class=\"col-xs-12 space-bottom-small\"><div  class=\"row\"><div  data-type=\"column\" class=\"col-xs-12 col-sm-fit label-col\"><h5  class=\"\">Phone:<\/h5><\/div><div  data-type=\"column\" class=\"col-xs-12 col-sm\"><p  class=\"\"><a href=\"https:\/\/wa.me\/+41625110305\" target=\"_self\" data-cp-link=\"1\" rel=\"nofollow noopener\" class=\"\">+41 62 511 03 05<\/a><\/p><\/div><\/div><\/div><div  class=\"col-xs-12 space-bottom-small\"><div  class=\"row\"><div  data-type=\"column\" class=\"col-xs-12 col-sm-fit label-col\"><h5  class=\"\">Email:<\/h5><\/div><div  data-type=\"column\" class=\"col-xs-12 col-sm\"><a  href=\"mailto:gianluca@radiosummernight.ch\" class=\"\" target=\"_self\" data-cp-link=\"1\" rel=\"noopener\">gianluca@radiosummernight.ch<\/a><\/div><\/div><\/div><\/div><\/div><\/div><\/div><\/div>","protected":false},"excerpt":{"rendered":"<p>VorgabenDu bist \u2026\u2026 zwischen 11 und 30 Jahre alt \u2026 kommunikativ und teamf\u00e4hig\u2026bereit Neues zu lernenDeine M\u00f6glichkeiten beim JugendradioModerationEgal, ob im Auto, im Supermarkt oder in der K\u00fcche beim Kochen: Da ist immer diese Stimme, die dich \u00fcberallhin begleitet, n\u00e4mlich die der Radiomoderatorin oder des Radiomoderator. Das k\u00f6nnte deine Stimme sein: Du f\u00fchrst Interviews, bestimmst&hellip; <br \/> <a class=\"read-more\" href=\"https:\/\/radiosummernight.ch\/fr\/hobby\/\">Read more<\/a><\/p>","protected":false},"author":1,"featured_media":12524,"parent":0,"menu_order":0,"comment_status":"closed","ping_status":"closed","template":"pro\/page-templates\/full-width-page.php","meta":{"episode_type":"","audio_file":"","podmotor_file_id":"","podmotor_episode_id":"","cover_image":"","cover_image_id":"","duration":"","filesize":"","filesize_raw":"","date_recorded":"","explicit":"","block":"","itunes_episode_number":"","itunes_title":"","itunes_season_number":"","itunes_episode_type":"","footnotes":""},"class_list":["post-12733","page","type-page","status-publish","has-post-thumbnail","hentry"],"_links":{"self":[{"href":"https:\/\/radiosummernight.ch\/fr\/wp-json\/wp\/v2\/pages\/12733","targetHints":{"allow":["GET"]}}],"collection":[{"href":"https:\/\/radiosummernight.ch\/fr\/wp-json\/wp\/v2\/pages"}],"about":[{"href":"https:\/\/radiosummernight.ch\/fr\/wp-json\/wp\/v2\/types\/page"}],"author":[{"embeddable":true,"href":"https:\/\/radiosummernight.ch\/fr\/wp-json\/wp\/v2\/users\/1"}],"replies":[{"embeddable":true,"href":"https:\/\/radiosummernight.ch\/fr\/wp-json\/wp\/v2\/comments?post=12733"}],"version-history":[{"count":1,"href":"https:\/\/radiosummernight.ch\/fr\/wp-json\/wp\/v2\/pages\/12733\/revisions"}],"predecessor-version":[{"id":27323,"href":"https:\/\/radiosummernight.ch\/fr\/wp-json\/wp\/v2\/pages\/12733\/revisions\/27323"}],"wp:featuredmedia":[{"embeddable":true,"href":"https:\/\/radiosummernight.ch\/fr\/wp-json\/wp\/v2\/media\/12524"}],"wp:attachment":[{"href":"https:\/\/radiosummernight.ch\/fr\/wp-json\/wp\/v2\/media?parent=12733"}],"curies":[{"name":"wp","href":"https:\/\/api.w.org\/{rel}","templated":true}]}}