{"id":15334,"date":"2023-09-08T20:53:01","date_gmt":"2023-09-08T18:53:01","guid":{"rendered":"https:\/\/radiosummernight.ch\/?page_id=15334"},"modified":"2025-02-20T16:09:12","modified_gmt":"2025-02-20T15:09:12","slug":"nachricht","status":"publish","type":"page","link":"https:\/\/radiosummernight.ch\/fr\/nachricht\/","title":{"rendered":"Nachricht ins RSN-Studio"},"content":{"rendered":"<div data-label=\"Content\" data-id=\"content--1\" data-export-id=\"content-12\" data-category=\"content\" class=\"content-12 content-section content-section-spacing content-relative\" id=\"content-1\"  style=\"background-color: rgb(255, 255, 255); background-image: none; background-size: cover; background-position: center top;\" data-section-ov=\"1\"><div class=\"\" >  <div class=\"row center-xs middle-xs\" > <div class=\"col-sm-9\" data-type=\"column\" ><p  class=\"\"><span style=\"color: rgb(60, 66, 79);\" >Mit unserer neuen Funktion k\u00f6nnen H\u00f6rerinnen und H\u00f6rer nun ganz bequem Sprachnachrichten direkt in das RSN Studio in R\u00fcti oder Aarau senden. Dies erm\u00f6glicht eine noch direktere Interaktion zwischen unserem Publikum und den Moderatoren. Egal, ob du eine Frage, einen Gruss oder Feedback zu einer Sendung hast \u2013 jetzt kannst du deine Gedanken und Anliegen einfach in einer Sprachnachricht festhalten und uns zukommen lassen.\r\n<\/span><br ><br ><span style=\"color: rgb(60, 66, 79);\" >Wir freuen uns auf deine Sprachnachrichten und sind gespannt auf deine Beitr\u00e4ge, Fragen und Anregungen. Diese neue Funktion erm\u00f6glicht uns, noch n\u00e4her an unserer H\u00f6rerschaft zu sein und eure Stimmen in unsere Sendungen einzubeziehen. Vielen Dank f\u00fcr deine Teilnahme!<\/span><span id=\"_mce_caret\" data-mce-bogus=\"1\" data-mce-type=\"format-caret\" ><span style=\"color: rgb(60, 66, 79);\" ><\/span><\/span><\/p> <\/div> <\/div><\/div> <\/div><div  data-label=\"Contact\" data-id=\"contact--1\" data-export-id=\"contact-1\" data-category=\"contact\" class=\"contact-1 content-section content-section-spacing white-text content-relative wp-dark-mode-ignore\" data-parallax-depth=\"20\" id=\"contact-1\" style=\"background-color: rgb(255, 255, 255); background-image: url(&quot;https:\/\/radiosummernight.ch\/upload\/2023\/05\/DSC02830-2023-05-04-04_32_05-scaled.jpg&quot;); background-size: cover; background-position: center top;\" data-section-ov=\"1\"><div  class=\"wp-dark-mode-ignore\"> <div  class=\"row text-center wp-dark-mode-ignore\"><div  class=\"section-title-col wp-dark-mode-ignore\" data-type=\"column\"> <h2  class=\"wp-dark-mode-ignore\"><\/h2> <\/div> <\/div> <div  class=\"row text-center wp-dark-mode-ignore\"> <div  class=\"col-xs-12 col-sm-8 col-sm-offset-2 contact-form-wrapper inline-info wp-dark-mode-ignore\"> <div  class=\"card large-padding wp-dark-mode-ignore\"> <div  class=\"wp-dark-mode-ignore\" data-content-shortcode=\"mesmerize_contact_form shortcode=&quot;contact-form-7 id=&amp;amp;quot;ed47dd2&amp;amp;quot; title=&amp;amp;quot;Studio&amp;amp;quot;&quot;\" data-editable=\"true\">\n<div class=\"wpcf7 no-js\" id=\"wpcf7-f14014-o1\" lang=\"de-DE\" dir=\"ltr\" data-wpcf7-id=\"14014\">\n<div class=\"screen-reader-response\"><p role=\"status\" aria-live=\"polite\" aria-atomic=\"true\"><\/p> <ul><\/ul><\/div>\n<form action=\"\/fr\/wp-json\/wp\/v2\/pages\/15334#wpcf7-f14014-o1\" method=\"post\" class=\"wpcf7-form init\" aria-label=\"Kontaktformular\" novalidate=\"novalidate\" data-status=\"init\" data-trp-original-action=\"\/fr\/wp-json\/wp\/v2\/pages\/15334#wpcf7-f14014-o1\">\n<fieldset class=\"hidden-fields-container\"><input type=\"hidden\" name=\"_wpcf7\" value=\"14014\" \/><input type=\"hidden\" name=\"_wpcf7_version\" value=\"6.1.5\" \/><input type=\"hidden\" name=\"_wpcf7_locale\" value=\"de_DE\" \/><input type=\"hidden\" name=\"_wpcf7_unit_tag\" value=\"wpcf7-f14014-o1\" \/><input type=\"hidden\" name=\"_wpcf7_container_post\" value=\"0\" \/><input type=\"hidden\" name=\"_wpcf7_posted_data_hash\" value=\"\" \/>\n<\/fieldset>\n<p><label> Vor und Nachname<br \/>\n<span class=\"wpcf7-form-control-wrap\" data-name=\"your-name\"><input size=\"40\" maxlength=\"400\" class=\"wpcf7-form-control wpcf7-text wpcf7-validates-as-required\" autocomplete=\"name\" aria-required=\"true\" aria-invalid=\"false\" value=\"\" type=\"text\" name=\"your-name\" \/><\/span> <\/label>\n<\/p>\n<p><label> E-Mail<br \/>\n<span class=\"wpcf7-form-control-wrap\" data-name=\"deine-email\"><input size=\"40\" maxlength=\"400\" class=\"wpcf7-form-control wpcf7-email wpcf7-validates-as-required wpcf7-text wpcf7-validates-as-email\" aria-required=\"true\" aria-invalid=\"false\" value=\"\" type=\"email\" name=\"deine-email\" \/><\/span><\/label>\n<\/p>\n<p><label> Num\u00e9ro de t\u00e9l\u00e9phone<br \/>\n<span class=\"wpcf7-form-control-wrap\" data-name=\"deine-telefonnummer\"><input size=\"40\" maxlength=\"400\" class=\"wpcf7-form-control wpcf7-tel wpcf7-text wpcf7-validates-as-tel\" aria-invalid=\"false\" value=\"\" type=\"tel\" name=\"deine-telefonnummer\" \/><\/span> <\/label>\n<\/p>\n<p><label> Nachricht<br \/>\n<span class=\"wpcf7-form-control-wrap\" data-name=\"message\"><textarea cols=\"40\" rows=\"10\" maxlength=\"2000\" class=\"wpcf7-form-control wpcf7-textarea\" aria-invalid=\"false\" name=\"message\"><\/textarea><\/span> <\/label>\n<\/p>\n<p>        <div class=\"qc_voice_audio_wrapper\">\r\n            <div class=\"qc_voice_audio_container\">\r\n                <div class=\"qc_voice_audio_upload_main\" id=\"qc_audio_main\">\r\n                    <a class=\"qc_audio_record_button\" id=\"qc_audio_record\" href=\"#\">\r\n                        <span class=\"dashicons dashicons-microphone\"><\/span> Aufnahme starten<\/a> \r\n                <\/div>\r\n\r\n                <div class=\"qc_voice_audio_recorder\" id=\"qc_audio_recorder\" style=\"display:none\">\r\n\r\n                <\/div>\r\n                <div class=\"qc_voice_audio_display\" id=\"qc_audio_display\"  style=\"display:none\">\r\n                    <audio id=\"qc-audio\" controls src=\"\"><\/audio>\r\n                    <span title=\"Remove and back to main upload screen.\" class=\"qc_audio_remove_button fa fa-trash\"><\/span>\r\n                <\/div>\r\n            <\/div>\r\n            <input type=\"hidden\" value=\"\" name=\"qcwpvoicemessage\" id=\"qc_audio_url\" \/>\r\n        <\/div>\r\n        \n<\/p>\n<p><label> Song und Interpret<br \/>\n<span class=\"wpcf7-form-control-wrap\" data-name=\"wunsch\"><input size=\"40\" maxlength=\"400\" class=\"wpcf7-form-control wpcf7-text\" aria-invalid=\"false\" value=\"\" type=\"text\" name=\"wunsch\" \/><\/span> <\/label>\n<\/p>\n<p><label> Radiosender<br \/>\n<span class=\"wpcf7-form-control-wrap\" data-name=\"select-357\"><select class=\"wpcf7-form-control wpcf7-select\" aria-invalid=\"false\" name=\"select-357\"><option value=\"Radio Summernight\">Radio Summernight<\/option><option value=\"Deutschrock\">Deutschrock<\/option><option value=\"80er\/90er\">80er\/90er<\/option><option value=\"Lebkuchen Radio\">Lebkuchen Radio<\/option><option value=\"Kuschelrock\">Kuschelrock<\/option><option value=\"1000 Discofox\">1000 Discofox<\/option><option value=\"Trap\">Trap<\/option><option value=\"Rock Music\">Rock Music<\/option><option value=\"Rap\">Rap<\/option><option value=\"1000 Dance\">1000 Dance<\/option><option value=\"1000 Techno\">1000 Techno<\/option><option value=\"1000 Weihnachten\">1000 Weihnachten<\/option><option value=\"Hip-Hop Radio\">Hip-Hop Radio<\/option><option value=\"Country Music\">Country Music<\/option><option value=\"1000 Indie\">1000 Indie<\/option><\/select><\/span><br \/>\n<\/label>\n<\/p>\n<p><input class=\"wpcf7-form-control wpcf7-submit has-spinner button\" id=\"form-submit\" type=\"submit\" value=\"Envoyer\" \/>\n<\/p><div class=\"wpcf7-response-output\" aria-hidden=\"true\"><\/div>\n<input type=\"hidden\" name=\"trp-form-language\" value=\"fr\"\/><\/form>\n<\/div>\n<\/div><\/div> <\/div><\/div> <\/div><\/div><div  data-label=\"Features\" data-id=\"features--1\" data-export-id=\"features-12\" data-category=\"features\" class=\"features-12 content-section content-section-spacing content-relative\" id=\"features-1\" style=\"background-color: rgb(255, 255, 255); background-image: none;\"><div class=\"section-separator-top\" >\r\n    <svg class=\"section-separator-top\" data-separator-name=\"triangle-asymmetrical-negative\" preserveaspectratio=\"none\" viewbox=\"0 0 1000 100\" xmlns=\"http:\/\/www.w3.org\/2000\/svg\" >\r\n        <path class=\"svg-white-bg\" d=\"M737.9,94.7L0,0v100h1000V0L737.9,94.7z\" ><\/path>\r\n    <\/svg>\r\n<\/div><div  class=\"gridContainer\"> <div  class=\"row text-center\"><div  class=\"section-title-col\" data-type=\"column\">  <\/div> <\/div> <div  class=\"row spaced-cols\" data-type=\"row\"> <div  class=\"col-sm-6\"> <div  class=\"row space-bottom\"> <div  class=\"col-sm-fit icon-column\"> <i  class=\"fa icon fa-play bordered round color1\"><\/i> <\/div> <div  class=\"col-sm\" data-type=\"column\"> <h5  class=\"color2\">Start der Aufnahme<\/h5> <p  class=\"\">Um die Aufnahme zu beginnen, klicke einfach auf den \u201cStart der Aufnahme\u201d Button. Bitte stelle sicher, dass dein Mikrofon ordnungsgem\u00e4ss funktioniert und aktiviert ist, oder halte dein Smartphone nahe genug, um eine klare Aufzeichnung sicherzustellen.<\/p><\/div> <\/div><\/div> <div  class=\"col-sm-6\"><div  class=\"row space-bottom\"> <div  class=\"col-sm-fit icon-column\"><i  class=\"fa icon fa-stop bordered round color1\"><\/i><\/div> <div  class=\"col-sm\" data-type=\"column\"><h5  class=\"color2\">Beenden der Aufnahme<\/h5> <p  class=\"\">Sobald du mit deiner Audioaufnahme fertig bist, beende sie, indem du auf den \u201cBeenden der Aufnahme\u201d Button klickst.<\/p><\/div> <\/div><\/div> <div  class=\"col-sm-6\"><div  class=\"row space-bottom\"> <div  class=\"col-sm-fit icon-column\"><i  class=\"fa icon fa-headphones bordered round color1\"><\/i><\/div> <div  class=\"col-sm\" data-type=\"column\"><h5  class=\"color2\"><p  class=\"MsoNormal\">Vorschau<o  :p=\"\"><\/o><\/p><\/h5> <p  class=\"\">Vor dem Absenden deiner Aufnahme hast du die M\u00f6glichkeit, sie anzuh\u00f6ren und sicherzustellen, dass sie den gew\u00fcnschten Inhalt enth\u00e4lt. Dr\u00fccke dazu auf die Wiedergabe-Schaltfl\u00e4che, um die Aufnahme abzuspielen.<\/p><\/div> <\/div><\/div> <div  class=\"col-sm-6\"><div  class=\"row space-bottom\"> <div  class=\"col-sm-fit icon-column\"><i  class=\"fa icon fa-send bordered round color1\"><\/i><\/div> <div  class=\"col-sm\" data-type=\"column\"><h5  class=\"color2\">Envoyer<\/h5> <p  class=\"\">Wenn du zufrieden mit deiner Aufnahme bist und bereit bist, sie zu \u00fcbermitteln, klicke auf den \u201cSenden\u201d Button. Dadurch wird deine Aufnahme an uns gesendet. Wenn du zus\u00e4tzliche Informationen oder Anmerkungen hinzuf\u00fcgen m\u00f6chtest, kannst du dies im daf\u00fcr vorgesehenen Textfeld tun, bevor du auf \u201cSenden\u201d klickst.<\/p><\/div> <\/div><\/div> <\/div><\/div> <\/div>","protected":false},"excerpt":{"rendered":"<p>Mit unserer neuen Funktion k\u00f6nnen H\u00f6rerinnen und H\u00f6rer nun ganz bequem Sprachnachrichten direkt in das RSN Studio in R\u00fcti oder Aarau senden. Dies erm\u00f6glicht eine noch direktere Interaktion zwischen unserem Publikum und den Moderatoren. Egal, ob du eine Frage, einen Gruss oder Feedback zu einer Sendung hast \u2013 jetzt kannst du deine Gedanken und Anliegen&hellip; <br \/> <a class=\"read-more\" href=\"https:\/\/radiosummernight.ch\/fr\/nachricht\/\">Read more<\/a><\/p>","protected":false},"author":1,"featured_media":0,"parent":0,"menu_order":0,"comment_status":"closed","ping_status":"closed","template":"","meta":{"episode_type":"","audio_file":"","podmotor_file_id":"","podmotor_episode_id":"","cover_image":"","cover_image_id":"","duration":"","filesize":"","filesize_raw":"","date_recorded":"","explicit":"","block":"","itunes_episode_number":"","itunes_title":"","itunes_season_number":"","itunes_episode_type":"","footnotes":""},"class_list":["post-15334","page","type-page","status-publish","hentry"],"_links":{"self":[{"href":"https:\/\/radiosummernight.ch\/fr\/wp-json\/wp\/v2\/pages\/15334","targetHints":{"allow":["GET"]}}],"collection":[{"href":"https:\/\/radiosummernight.ch\/fr\/wp-json\/wp\/v2\/pages"}],"about":[{"href":"https:\/\/radiosummernight.ch\/fr\/wp-json\/wp\/v2\/types\/page"}],"author":[{"embeddable":true,"href":"https:\/\/radiosummernight.ch\/fr\/wp-json\/wp\/v2\/users\/1"}],"replies":[{"embeddable":true,"href":"https:\/\/radiosummernight.ch\/fr\/wp-json\/wp\/v2\/comments?post=15334"}],"version-history":[{"count":0,"href":"https:\/\/radiosummernight.ch\/fr\/wp-json\/wp\/v2\/pages\/15334\/revisions"}],"wp:attachment":[{"href":"https:\/\/radiosummernight.ch\/fr\/wp-json\/wp\/v2\/media?parent=15334"}],"curies":[{"name":"wp","href":"https:\/\/api.w.org\/{rel}","templated":true}]}}