{"id":17731,"date":"2024-02-22T16:43:57","date_gmt":"2024-02-22T15:43:57","guid":{"rendered":"https:\/\/radiosummernight.ch\/?page_id=17731"},"modified":"2026-02-08T11:31:49","modified_gmt":"2026-02-08T10:31:49","slug":"mieten","status":"publish","type":"page","link":"https:\/\/radiosummernight.ch\/fr\/mieten\/","title":{"rendered":"Mieten | Sitzungszimmer | Mehrzweckraum | Podcaststudio | Radiostudio"},"content":{"rendered":"<div  data-label=\"Overlappable\" data-id=\"overlappable--4\" data-export-id=\"overlappable-6\" data-category=\"overlappable\" class=\"overlappable-6 content-section content-section-spacing\" data-overlap=\"true\" id=\"overlappable-4\" style=\"background-color: rgb(255, 255, 255);\"><div  class=\"gridContainer\"><div  data-type=\"row\" class=\"row shadow-medium\"><div  class=\"col-xs-12 col-sm-4 col-padding-small col-padding-small-xs white-text bg-color7\"><div  class=\"row middle-xs\"><div  class=\"col-xs-12 col-sm-fit space-bottom-small-xs\"> <i  class=\"fa icon fa-users bordered round color1\"><\/i><\/div><div  data-type=\"column\" class=\"col-xs-12 col-sm\"><h4  class=\"\">Platz f\u00fcr bis zu 20 Personen<\/h4><\/div><\/div><\/div><div  class=\"col-xs-12 col-sm-4 col-padding-small col-padding-small-xs white-text bg-color-white\"><div  class=\"row middle-xs\"><div  class=\"col-xs-12 col-sm-fit space-bottom-small-xs\"><i  class=\"fa icon fa-money bordered round color-black\"><\/i><\/div><div  data-type=\"column\" class=\"col-xs-12 col-sm\"><h4  class=\"\"><span  style=\"color: rgb(0, 0, 0);\">R\u00e4ume Mieten ab 60.-&nbsp;<\/span><\/h4><\/div><\/div><\/div><div  class=\"col-xs-12 col-sm-4 col-padding-small col-padding-small-xs white-text bg-color2\"><div  class=\"row middle-xs\"><div  class=\"col-xs-12 col-sm-fit space-bottom-small-xs\"><i  class=\"fa icon fa-train bordered round color-white\"><\/i><\/div><div  data-type=\"column\" class=\"col-xs-12 col-sm\"><h4  class=\"\">Gut erreichbar mit dem \u00d6V<\/h4><\/div><\/div><\/div><\/div><\/div><\/div><div  data-label=\"Overlappable\" data-id=\"overlappable--2\" data-export-id=\"overlappable-1\" data-category=\"overlappable\" class=\"overlappable-1 content-section content-section-spacing\" data-overlap=\"true\" id=\"overlappable-2\" style=\"background-color: rgb(255, 255, 255);\"><div  class=\"gridContainer\"><div  data-type=\"row\" class=\"row shadow-medium\"><div  data-type=\"column\" class=\"col-xs-12 col-sm-4 flexcol bg-color-white col-padding col-padding-small-xs\"> <i  class=\"fa icon fa-map-marker color1\"><\/i><h5  class=\"\">Zentral in Aarau<\/h5><p  class=\"\">Unsere Lage in der Aarauer Altstadt, nur wenige Gehminuten vom Bahnhof entfernt, bietet eine bequeme Anbindung f\u00fcr alle Teilnehmer Ihrer Veranstaltung. Egal ob Sie mit \u00f6ffentlichen Verkehrsmitteln anreisen oder einen kurzen Fussweg bevorzugen, unser Standort ist leicht erreichbar und erm\u00f6glicht Ihnen eine stressfreie Anreise.<\/p><\/div><div  data-type=\"column\" class=\"col-xs-12 col-sm-4 flexcol bg-color2 col-padding col-padding-small-xs inverted\"><i  class=\"fa icon fa-cubes white\"><\/i><h5  class=\"inverted\">Individuell Nutzbar<\/h5><p  class=\"\">Unsere R\u00e4ume sind individuell nutzbar, sei es f\u00fcr gesch\u00e4ftliche Meetings im Mehrzweckraum oder kreative Aufnahmen im Podcast- und Radiostudio, und bieten jeweils die passende Ausstattung und Atmosph\u00e4re f\u00fcr unterschiedliche Anforderungen und Veranstaltungen.&nbsp;<\/p><\/div><div  data-type=\"column\" class=\"col-xs-12 col-sm-4 flexcol bg-color6 col-padding col-padding-small-xs inverted\"><i  class=\"fa icon fa-spoon color1\"><\/i><h5  class=\"inverted\">Gem\u00fctlich und gut Verpflegt<\/h5><p  class=\"\">Wir bieten eine Auswahl an erfrischenden Getr\u00e4nken und k\u00f6stlichen Snacks, um Ihre kreativen Projekte zu unterst\u00fctzen. Geniessen Sie w\u00e4hrend Ihrem aufenthalt eine Tasse frisch gebr\u00fchten Kaffee oder w\u00e4hlen Sie aus unserem Sortiment an heissen Tees und erfrischenden Softdrinks sowie einer Vielzahl von Snacks f\u00fcr den kleinen Hunger zwischendurch.<\/p><\/div><\/div><\/div><\/div><div  data-label=\"Cta\" data-id=\"cta--1\" data-export-id=\"cta-centered-bg-section\" data-category=\"cta\" data-section-ov=\"1\" class=\"cta-centered-bg-section content-section content-section-spacing-medium white-text\" data-parallax-depth=\"20\" id=\"cta-1\" style=\"background-color: rgb(245, 250, 253); background-image: url(&quot;https:\/\/radiosummernight.ch\/upload\/2023\/01\/EBC972C3-3186-4938-95CB-D6C0D14329B1.jpeg&quot;); background-size: cover; background-position: center top;\"><div  class=\"\"><div  class=\"row text-center\"><div  data-type=\"column\" class=\"\"><h2  class=\"\">Jetzt einen Raum finden in mitten von Aarau!<\/h2> <a  class=\"button color1\" href=\"#anfrage\" target=\"_self\" data-cp-link=\"1\" data-icon=\"\" rel=\"noopener\">Buchung anfragen<\/a><\/div><\/div><\/div><\/div><div  data-label=\"preise\" data-id=\"overlappable--5\" data-export-id=\"overlappable-5\" data-category=\"overlappable\" class=\"overlappable-5 content-section content-section-spacing\" data-overlap=\"true\" id=\"preise\" style=\"background-color: rgb(255, 255, 255);\"><div  class=\"gridContainer\"><div  data-type=\"row\" class=\"row shadow-medium bg-color-white\"><div  class=\"col-xs-12 col-sm-4 col-padding col-padding-xs bg-color-white\"><div  class=\"row middle-sm\"><div  class=\"col-xs-12 col-sm-fit icon-column\"> <i  class=\"fa icon fa-comments bordered round color1\"><\/i><\/div><div  data-type=\"column\" class=\"col-xs-12 col-sm v-spacing\"><h5  class=\"\">Sitzungszimmer<\/h5><\/div><\/div><div  class=\"row\"><div  class=\"col-xs-12 col-sm-12\" data-type=\"column\"><p  class=\"\"><br ><span  style=\"font-weight: 700;\">50 CHF std.<\/span><br ><span  style=\"font-weight: 700;\">90 CHF 1\/2 Tag<\/span><\/p><p  class=\"\">bis 9 Personen<\/p><\/div><\/div><\/div><div  class=\"col-xs-12 col-sm-4 col-padding col-padding-xs bg-color-white\"><div  class=\"row middle-sm\"><div  class=\"col-xs-12 col-sm-fit icon-column\"><i  class=\"fa icon fa-group bordered round color1\"><\/i><\/div><div  data-type=\"column\" class=\"col-xs-12 col-sm v-spacing\"><h5  class=\"\">Mehrzweckraum&nbsp;<\/h5><\/div><\/div><div  class=\"row\"><div  class=\"col-xs-12 col-sm-12\" data-type=\"column\"><p  class=\"\"><br ><span  style=\"font-weight: 700;\">60&nbsp; &nbsp;CHF std.<\/span><br ><span  style=\"font-weight: 700;\"> 150 CHF 1\/2 Tag<\/span><\/p><p  class=\"\">bis 20 Personen<\/p><\/div><\/div><\/div><div  class=\"col-xs-12 col-sm-4 col-padding col-padding-xs bg-color-white\"><div  class=\"row middle-sm\"><div  class=\"col-xs-12 col-sm-fit icon-column\"><i  class=\"fa icon fa-microphone bordered round color1\"><\/i><\/div><div  data-type=\"column\" class=\"col-xs-12 col-sm v-spacing\"><h5  class=\"\">Radio oder Podcaststudio<\/h5><\/div><\/div><div  class=\"row\"><div  class=\"col-xs-12 col-sm-12\" data-type=\"column\"><p  class=\"\"><br ><span  style=\"font-weight: 700;\">120 CHF std. <\/span><br ><span  style=\"font-weight: 700;\">300 CHF 1\/2 Tag<\/span><\/p><p  class=\"\">bis 5 Personen<\/p><\/div><\/div><\/div><\/div><\/div><\/div><div  data-label=\"Overlappable\" data-id=\"overlappable--3\" data-export-id=\"overlappable-3\" data-category=\"overlappable\" class=\"overlappable-3 content-section content-section-spacing\" data-overlap=\"true\" id=\"overlappable-3\" style=\"background-color: rgb(255, 255, 255);\"><div  class=\"gridContainer\"><div  class=\"row bg-color-white shadow-medium\"><div  class=\"col-xs-12 col-sm-6 image-col first-image-col\" data-bg=\"image\" style=\"background-image: url(&quot;https:\/\/radiosummernight.ch\/upload\/IMG_4199-scaled.jpeg&quot;);\"><\/div><div  class=\"col-xs-12 col-sm-6 content-col col-padding col-padding-xs\"><div  class=\"col-padding\" data-type=\"column\"><h4  class=\"\">Willkommen in unserem vielseitigen Mehrzweckraum mitten in der Aarauer Altstadt!<\/h4><div  class=\"\">Unser Mehrzweckraum, mit einer grossz\u00fcgigen Fl\u00e4che von 40m\u00b2, befindet sich an einem zentralen Standort in der malerischen Altstadt von Aarau. Genauer gesagt, gegen\u00fcber den beliebten Einkaufsm\u00e4rkten Coop und Migros sowie oberhalb von Fielmann.<\/div><div  class=\"\"><\/div><div  class=\"\">Diese zentrale Lage macht unseren Raum nicht nur leicht erreichbar, sondern bietet auch zahlreiche Annehmlichkeiten f\u00fcr Ihre Veranstaltungsteilnehmer. Nach einem Meeting k\u00f6nnen Sie die historischen Gassen der Altstadt erkunden oder sich in einem der nahegelegenen Caf\u00e9s entspannen.<\/div><div  class=\"\"><\/div><div  class=\"\">Der Raum selbst bietet eine ideale Umgebung f\u00fcr verschiedene Arten von Treffen und Veranstaltungen. Mit einem Sitzungszimmerbereich f\u00fcr bis zu neun Personen und der M\u00f6glichkeit, die Tische f\u00fcr Gruppen von bis zu 20 Personen umzustellen, k\u00f6nnen wir Ihre Bed\u00fcrfnisse flexibel erf\u00fcllen.<\/div><div  class=\"\"><\/div> <a  class=\"button color1\" href=\"#\" target=\"_self\" data-cp-link=\"1\" data-icon=\"\" rel=\"noopener\">Buchung anfragen<\/a><\/div><\/div><\/div><div  class=\"row bg-color-white shadow-medium\"><div  class=\"col-xs-12 col-sm-6 content-col col-padding col-padding-xs\"><div  class=\"col-padding\" data-type=\"column\"><p  class=\"\">Zur Ausstattung geh\u00f6ren ein grosser Bildschirm mit Google Chromecast-Anschluss, ein Whiteboard f\u00fcr interaktive Pr\u00e4sentationen sowie WLAN-Zugang f\u00fcr eine reibungslose Online-Kommunikation.<br > F\u00fcr informelle Gespr\u00e4che oder kurze Pausen steht Ihnen eine gem\u00fctliche Sofaecke zur Verf\u00fcgung. Und wenn Sie die frische Luft geniessen m\u00f6chten, laden die Tische auf unserem Balkon dazu ein, Ihre Meetings im Freien abzuhalten oder einfach nur eine Pause an der frischen Luft zu machen.<\/p> <a  class=\"button color1\" href=\"#\" target=\"_self\" data-cp-link=\"1\" data-icon=\"\" rel=\"noopener\">Buchung anfragen<\/a><\/div><\/div><div  class=\"col-xs-12 col-sm-6 image-col second-image-col first-xs last-sm\" data-bg=\"image\" style=\"background-image: url(&quot;https:\/\/radiosummernight.ch\/upload\/IMG_4204-scaled.jpeg&quot;);\"><\/div><\/div><\/div><\/div><div  data-label=\"anfrage\" data-id=\"contact--1\" data-export-id=\"contact-7\" data-category=\"contact\" class=\"contact-7 content-section content-section-spacing white-text\" data-parallax-depth=\"20\" id=\"anfrage\" style=\"background-color: rgb(255, 255, 255); background-size: cover; background-position: center top;\"><div  class=\"gridContainer\"><div  class=\"row text-center\"><div  class=\"col-xs-12\"><div  class=\"card no-padding\"><div  class=\"row\"><div  class=\"col-xs-12 col-sm-6 contact-form-wrapper inline-info shadow-medium\"><h2  class=\"text-center font-300 color-black\">Mieten \/ Anfragen<\/h2><div  class=\"\" data-content-shortcode=\"mesmerize_contact_form shortcode=&quot;contact-form-7 id=&amp;amp;quot;4be2b49&amp;amp;quot; title=&amp;amp;quot;Buchungsanfrage Aarau&amp;amp;quot;&quot;\" data-editable=\"true\">\n<div class=\"wpcf7 no-js\" id=\"wpcf7-f1791-o1\" lang=\"de-CH\" dir=\"ltr\" data-wpcf7-id=\"1791\">\n<div class=\"screen-reader-response\"><p role=\"status\" aria-live=\"polite\" aria-atomic=\"true\"><\/p> <ul><\/ul><\/div>\n<form action=\"\/fr\/wp-json\/wp\/v2\/pages\/17731#wpcf7-f1791-o1\" method=\"post\" class=\"wpcf7-form init\" aria-label=\"Contact form\" novalidate=\"novalidate\" data-status=\"init\" data-trp-original-action=\"\/fr\/wp-json\/wp\/v2\/pages\/17731#wpcf7-f1791-o1\">\n<fieldset class=\"hidden-fields-container\"><input type=\"hidden\" name=\"_wpcf7\" value=\"1791\" \/><input type=\"hidden\" name=\"_wpcf7_version\" value=\"6.1.5\" \/><input type=\"hidden\" name=\"_wpcf7_locale\" value=\"de_CH\" \/><input type=\"hidden\" name=\"_wpcf7_unit_tag\" value=\"wpcf7-f1791-o1\" \/><input type=\"hidden\" name=\"_wpcf7_container_post\" value=\"0\" \/><input type=\"hidden\" name=\"_wpcf7_posted_data_hash\" value=\"\" \/>\n<\/fieldset>\n<p><span style=\"color:black\">Name und Vorname <\/span><br \/>\n<span class=\"wpcf7-form-control-wrap\" data-name=\"Name\"><input size=\"40\" maxlength=\"400\" class=\"wpcf7-form-control wpcf7-text wpcf7-validates-as-required\" aria-required=\"true\" aria-invalid=\"false\" value=\"\" type=\"text\" name=\"Name\" \/><\/span><br \/>\n<span style=\"color:black\">Strasse und Hausnummer<\/span><br \/>\n<span class=\"wpcf7-form-control-wrap\" data-name=\"Strasse\"><input size=\"40\" maxlength=\"400\" class=\"wpcf7-form-control wpcf7-text wpcf7-validates-as-required\" aria-required=\"true\" aria-invalid=\"false\" value=\"\" type=\"text\" name=\"Strasse\" \/><\/span><br \/>\n<span style=\"color:black\">PLZ und Ort<\/span><br \/>\n<span class=\"wpcf7-form-control-wrap\" data-name=\"PLZ\"><input size=\"40\" maxlength=\"400\" class=\"wpcf7-form-control wpcf7-text wpcf7-validates-as-required\" aria-required=\"true\" aria-invalid=\"false\" value=\"\" type=\"text\" name=\"PLZ\" \/><\/span><br \/>\n<span style=\"color:black\">Telefon<\/span><br \/>\n<span class=\"wpcf7-form-control-wrap\" data-name=\"Telefon\"><input size=\"40\" maxlength=\"400\" class=\"wpcf7-form-control wpcf7-tel wpcf7-validates-as-required wpcf7-text wpcf7-validates-as-tel\" aria-required=\"true\" aria-invalid=\"false\" value=\"\" type=\"tel\" name=\"Telefon\" \/><\/span><br \/>\n<span style=\"color:black\">E-Mail<\/span><br \/>\n<span class=\"wpcf7-form-control-wrap\" data-name=\"Email\"><input size=\"40\" maxlength=\"400\" class=\"wpcf7-form-control wpcf7-email wpcf7-validates-as-required wpcf7-text wpcf7-validates-as-email\" aria-required=\"true\" aria-invalid=\"false\" value=\"\" type=\"email\" name=\"Email\" \/><\/span><br \/>\n<span style=\"color:black\">Raum<\/span>\n<\/p>\n<p><span class=\"wpcf7-form-control-wrap\" data-name=\"raum\"><span class=\"wpcf7-form-control wpcf7-checkbox wpcf7-validates-as-required\"><span class=\"wpcf7-list-item first\"><label><input type=\"checkbox\" name=\"raum[]\" value=\"Sitzungszimmer\" \/><span class=\"wpcf7-list-item-label\">Sitzungszimmer<\/span><\/label><\/span><span class=\"wpcf7-list-item\"><label><input type=\"checkbox\" name=\"raum[]\" value=\"Mehrzweckraum\" \/><span class=\"wpcf7-list-item-label\">Mehrzweckraum<\/span><\/label><\/span><span class=\"wpcf7-list-item\"><label><input type=\"checkbox\" name=\"raum[]\" value=\"Radiostudio\" \/><span class=\"wpcf7-list-item-label\">Radiostudio<\/span><\/label><\/span><span class=\"wpcf7-list-item last\"><label><input type=\"checkbox\" name=\"raum[]\" value=\"Podcaststudio\" \/><span class=\"wpcf7-list-item-label\">Podcaststudio<\/span><\/label><\/span><\/span><\/span><br \/>\n<span style=\"color:black\">Buchungsdatum<\/span><br \/>\n<span class=\"wpcf7-form-control-wrap\" data-name=\"Datum\"><input class=\"wpcf7-form-control wpcf7-date wpcf7-validates-as-required wpcf7-validates-as-date\" aria-required=\"true\" aria-invalid=\"false\" value=\"\" type=\"date\" name=\"Datum\" \/><\/span><br \/>\n<span style=\"color:black\">Buchungsdetails<\/span><br \/>\n<span class=\"wpcf7-form-control-wrap\" data-name=\"Ihre\"><textarea cols=\"40\" rows=\"10\" maxlength=\"2000\" class=\"wpcf7-form-control wpcf7-textarea\" aria-invalid=\"false\" name=\"Ihre\"><\/textarea><\/span><br \/>\n<input class=\"wpcf7-form-control wpcf7-submit has-spinner button\" id=\"form-submit\" type=\"submit\" value=\"Absenden\" \/>\n<\/p><div class=\"wpcf7-response-output\" aria-hidden=\"true\"><\/div>\n<input type=\"hidden\" name=\"trp-form-language\" value=\"fr\"\/><\/form>\n<\/div>\n<\/div><\/div><div  class=\"col-xs-12 col-sm-6 map-col\"><div  data-content-shortcode=\"mesmerize_maps address=&quot;Aargauer Jugendmedien, Igelweid 1, 5000 Aarau&quot; zoom=&quot;65&quot;\" data-editable=\"true\" class=\"map-wrapper\">        <div class=\"mesmerize-google-maps\" style=\"width:100%\">\n            <iframe style=\"width:100%; height:100%;min-height:inherit;display:block;\" src=\"https:\/\/maps.google.com\/maps?q=Aargauer%20Jugendmedien,%20Igelweid%201,%205000%20Aarau&#038;z=14&#038;output=embed&#038;iwloc=near\"><\/iframe>\n        <\/div>\n    <\/div><\/div><\/div><\/div><\/div><\/div><\/div><\/div>","protected":false},"excerpt":{"rendered":"<p>Platz f\u00fcr bis zu 20 PersonenR\u00e4ume Mieten ab 60.-&nbsp;Gut erreichbar mit dem \u00d6V Zentral in AarauUnsere Lage in der Aarauer Altstadt, nur wenige Gehminuten vom Bahnhof entfernt, bietet eine bequeme Anbindung f\u00fcr alle Teilnehmer Ihrer Veranstaltung. Egal ob Sie mit \u00f6ffentlichen Verkehrsmitteln anreisen oder einen kurzen Fussweg bevorzugen, unser Standort ist leicht erreichbar und erm\u00f6glicht&hellip; <br \/> <a class=\"read-more\" href=\"https:\/\/radiosummernight.ch\/fr\/mieten\/\">Read more<\/a><\/p>","protected":false},"author":1,"featured_media":0,"parent":0,"menu_order":0,"comment_status":"closed","ping_status":"closed","template":"pro\/page-templates\/full-width-page.php","meta":{"episode_type":"","audio_file":"","podmotor_file_id":"","podmotor_episode_id":"","cover_image":"","cover_image_id":"","duration":"","filesize":"","filesize_raw":"","date_recorded":"","explicit":"","block":"","itunes_episode_number":"","itunes_title":"","itunes_season_number":"","itunes_episode_type":"","footnotes":""},"class_list":["post-17731","page","type-page","status-publish","hentry"],"_links":{"self":[{"href":"https:\/\/radiosummernight.ch\/fr\/wp-json\/wp\/v2\/pages\/17731","targetHints":{"allow":["GET"]}}],"collection":[{"href":"https:\/\/radiosummernight.ch\/fr\/wp-json\/wp\/v2\/pages"}],"about":[{"href":"https:\/\/radiosummernight.ch\/fr\/wp-json\/wp\/v2\/types\/page"}],"author":[{"embeddable":true,"href":"https:\/\/radiosummernight.ch\/fr\/wp-json\/wp\/v2\/users\/1"}],"replies":[{"embeddable":true,"href":"https:\/\/radiosummernight.ch\/fr\/wp-json\/wp\/v2\/comments?post=17731"}],"version-history":[{"count":2,"href":"https:\/\/radiosummernight.ch\/fr\/wp-json\/wp\/v2\/pages\/17731\/revisions"}],"predecessor-version":[{"id":27318,"href":"https:\/\/radiosummernight.ch\/fr\/wp-json\/wp\/v2\/pages\/17731\/revisions\/27318"}],"wp:attachment":[{"href":"https:\/\/radiosummernight.ch\/fr\/wp-json\/wp\/v2\/media?parent=17731"}],"curies":[{"name":"wp","href":"https:\/\/api.w.org\/{rel}","templated":true}]}}