{"id":20222,"date":"2025-08-04T16:29:07","date_gmt":"2025-08-04T14:29:07","guid":{"rendered":"https:\/\/radiosummernight.ch\/?page_id=20222"},"modified":"2025-09-07T09:19:20","modified_gmt":"2025-09-07T07:19:20","slug":"radioweekend","status":"publish","type":"page","link":"https:\/\/radiosummernight.ch\/fr\/radioweekend\/","title":{"rendered":"Radio Workshop f\u00fcr Kinder und Jugendliche (Radioweekend)"},"content":{"rendered":"<div  data-label=\"Content\" data-id=\"content--5\" data-export-id=\"content-18\" data-category=\"content\" class=\"content-18 content-section content-section-spacing\" id=\"content-5\" style=\"background-color: rgb(255, 255, 255);\"><div  class=\"gridContainer\"> <div  class=\"row middle-sm\"><div  class=\"col-sm-6 flexbox around-xs top-xs space-bottom-xs space-top-xs\"> <div  class=\"overlay-box flexbox middle-xs center-xs overlay-holder\"><div  class=\"overlay-box-offset offset-background shadow-medium bg-color2 hide-xs\"><\/div> <img decoding=\"async\" class=\"flexbox shadow-large img1\" data-size=\"500x500\" src=\"https:\/\/radiosummernight.ch\/upload\/cropped-IMG_1984-1-scaled-1.jpg\" title=\"Radiostudio, Kind Radiomachen, \" alt=\"\"><\/div> <\/div> <div  class=\"col-sm-6\" data-type=\"column\"> <h2  class=\"\">Was erwartet dich?<\/h2> <p  class=\"\">Beim Radioweekend tauchen Kinder und Jugendliche ein in die spannende Welt des Radios und der Moderation. Gemeinsam mit erfahrenen Radiomacher*innen entwickeln sie eigene Sendebeitr\u00e4ge, \u00fcben den sicheren Umgang mit Mikrofon und Technik und erfahren, wie Nachrichten, Interviews und Musik ins Radio kommen.\n<br ><br >\nAn zwei erlebnisreichen Tagen arbeiten die Teilnehmenden in kleinen Teams, gestalten ihre eigenen Formate und senden live aus einem professionellen Radiostudio.<\/p> <p  class=\"\">Wir f\u00fchren seit dem Fr\u00fchjahr 2018 bereits erfolgreich Radioworkshops durch, die positiven R\u00fcckmeldungen der Kinder und Jugendlichen haben uns angespornt weitere Ausgaben \u00fcber ein Wochenende zu planen. Sei dabei, erhalte einen Einblick ins die Welt des Radios und gestalte deinen eigene Radiosendung!<\/p><p  class=\"\"><br >Du magst lieber Podcast? Wir bieten auch ein Podcastweekend an&nbsp;<a  data-mce-href=\"podcastweekend\" href=\"https:\/\/radiosummernight.ch\/fr\/radioweekend\/podcastweekend\/\" target=\"_self\" data-mce-selected=\"inline-boundary\" data-cp-link=\"1\">zum Podcastweekend<\/a><\/p><\/div> <\/div><\/div> <\/div><div  data-label=\"Content\" data-id=\"content--6\" data-export-id=\"content-3\" data-category=\"content\" class=\"content-3 content-section content-section-spacing content-relative\" id=\"content-6\" style=\"background-color: rgb(255, 255, 255); background-image: none;\"><div > <div  class=\"row middle-xs\"><div  class=\"col-sm-7 full-col-left-padding full-col-right-padding\"> <div  class=\"row\"><div  data-type=\"column\" class=\"space-bottom-small content-title-col\">  <h2  class=\"\">Informationen zum Weekend<\/h2> <\/div> <\/div> <div  class=\"row spaced-cols\" data-type=\"row\">   <div  class=\"col-xs-6 col-md-12\" data-type=\"column\"> <p  class=\"\"><span  style=\"font-weight: 900;\">\nF\u00fcr wen?<\/span><br >Kinder und Jugendliche zwischen 10 und 18 Jahren mit oder ohne Radioerfahrung<\/p><\/div>  <div  class=\"col-xs-6 col-md-12\" data-type=\"column\"> <p  class=\"\"><span  style=\"font-weight: 900;\">\nWo?<\/span><br >Im Studio vom Radio Summernight in Aarau oder R\u00fcti (Daten beachten!)<\/p><\/div><div  class=\"col-xs-6 col-md-12\" data-type=\"column\"> <p  class=\"\"><span  style=\"font-weight: 900;\">\nPreis:<\/span><br >100.-&nbsp;\n<br >Im Preis ist die Betreuung zwischen 09.00 und 16.00 Uhr, der Grundkurs im Radio sowie das Zn\u00fcni und die Getr\u00e4nke inklusive.\n<br >F\u00fcr Personen mit KulturLegi 20.- (Gutscheincode&nbsp;kulturlegi)<\/p><\/div><div  class=\"col-xs-6 col-md-12\" data-type=\"column\"> <p  class=\"\"><b >Wann?\n<br >14.02 &amp; 15.02.2026 in Aarau\noder<br >28.02 &amp; 01.03.2026 in R\u00fcti ZH<\/b><\/p><\/div><\/div><\/div> <div  class=\"col-sm-5 bg-image shadow-large-black revert-classes-holder\" data-bg=\"image\" style=\"background-image: url(&quot;https:\/\/radiosummernight.ch\/upload\/IMG_2019-scaled.jpg&quot;);\"><\/div><\/div> <\/div><div  class=\"section-separator-bottom\">\n    <svg  class=\"section-separator-bottom\" data-separator-name=\"triangle-asymmetrical-negative\" preserveaspectratio=\"none\" viewbox=\"0 0 1000 100\" xmlns=\"http:\/\/www.w3.org\/2000\/svg\">\n        <path  class=\"svg-white-bg\" d=\"M737.9,94.7L0,0v100h1000V0L737.9,94.7z\"><\/path>\n    <\/svg>\n<\/div><\/div><div  data-label=\"Cta\" data-id=\"cta--1\" data-export-id=\"cta-blue-section\" data-category=\"cta\" class=\"cta-blue-section content-section content-section-spacing-medium bg-color1 white-text content-relative\" id=\"cta-1\"><div  class=\"gridContainer\"> <div  class=\"row middle-xs\"><div  class=\"col-sm-8 space-bottom-xs\" data-type=\"column\"> <h2  class=\"\">Sei mit dabei! <span  class=\"font-300\">Beim Radioweekend 2026<\/span><\/h2> <\/div> <div  class=\"col-sm-4 end-sm\" data-type=\"column\"> <a  class=\"button color-white\" href=\"#anmelden\" target=\"_self\" data-cp-link=\"1\" data-icon=\"\" rel=\"noopener\">Jetzt anmelden<\/a><\/div> <\/div><\/div> <\/div><div  data-label=\"anmelden\" data-id=\"cta--2\" data-export-id=\"cta-centered-bg-section\" data-category=\"cta\" data-section-ov=\"1\" class=\"cta-centered-bg-section content-section content-section-spacing-medium white-text\" data-parallax-depth=\"20\" id=\"anmelden\" style=\"background-color: rgb(245, 250, 253); background-image: url(&quot;https:\/\/radiosummernight.ch\/upload\/2023\/01\/cropped-F7465979-BBA9-42B2-B5D4-3E7A1998D6FD.jpeg&quot;); background-size: cover; background-position: center top;\"><div  class=\"gridContainer\"> <div  class=\"row text-center\"><div  data-type=\"column\" class=\"\"> <h2  class=\"\"><\/h2> <div  data-editable=\"true\" data-name=\"ope-widgets-area\" data-content-shortcode=\"mesmerize_display_widgets_area id=&quot;mesmerize_users_custom_widgets_areas_8&quot; \" class=\"\"><div data-name=\"mesmerize-widgets-area\"><div id=\"block-198\" class=\"widget widget_block\"><iframe loading=\"lazy\" src=\"https:\/\/rsn.zahls.ch\/pay?tid=563603b1&appview=1&breakIframe=1\" allow=\"payment *\" width=\"100%\" height=\"1600\" style=\"border:0;\" id=\"zahls-embed\"><\/iframe>\n<\/div><\/div><\/div><\/div> <\/div><\/div> <\/div><div  data-label=\"Overlappable\" data-id=\"overlappable--1\" data-export-id=\"overlappable-1\" data-category=\"overlappable\" class=\"overlappable-1 content-section content-section-spacing\" data-overlap=\"true\" id=\"overlappable-1\" style=\"background-color: rgb(255, 255, 255);\"><div  class=\"gridContainer\"> <div  data-type=\"row\" class=\"row shadow-medium\"><div  data-type=\"column\" class=\"col-xs-12 col-sm-4 flexcol bg-color-white col-padding col-padding-small-xs col-md-6\">  <h5  class=\"\">Studio in R\u00fcti ZH<\/h5>  <div  data-editable=\"true\" data-name=\"ope-widgets-area\" data-content-shortcode=\"mesmerize_display_widgets_area id=&quot;mesmerize_users_custom_widgets_areas_1&quot; \" class=\"\"><div data-name=\"mesmerize-widgets-area\"><div id=\"block-62\" class=\"widget widget_block\"><iframe src=\"https:\/\/www.google.com\/maps\/embed?pb=!1m18!1m12!1m3!1d86645.58791442002!2d8.700933897265639!3d47.2620655!2m3!1f0!2f0!3f0!3m2!1i1024!2i768!4f13.1!3m3!1m2!1s0x479ab76137ade60f%3A0xf646d8a5484d2181!2sRadio%20Summernight!5e0!3m2!1sde!2sch!4v1682325865313!5m2!1sde!2sch\" width=\"600\" height=\"450\" style=\"border:0;\" allowfullscreen=\"\" loading=\"lazy\" referrerpolicy=\"no-referrer-when-downgrade\"><\/iframe><\/div><\/div><\/div><p  class=\"\" style=\"text-align: left;\">\n<br >Radio jeunesse zurichoise\n<br >Joweid Zentrum 4\n<br >8630 R\u00fcti ZH<\/p><\/div> <div  data-type=\"column\" class=\"col-xs-12 col-sm-4 flexcol bg-color2 col-padding col-padding-small-xs inverted col-md-6\"> <h5  class=\"inverted\">Studio in Aarau<\/h5>  <div  data-editable=\"true\" data-name=\"ope-widgets-area\" data-content-shortcode=\"mesmerize_display_widgets_area id=&quot;mesmerize_users_custom_widgets_areas_2&quot; \" class=\"\"><div data-name=\"mesmerize-widgets-area\"><div id=\"block-61\" class=\"widget widget_block\"><iframe src=\"https:\/\/www.google.com\/maps\/embed?pb=!1m18!1m12!1m3!1d86428.67810677244!2d7.888963397265619!3d47.39445829999999!2m3!1f0!2f0!3f0!3m2!1i1024!2i768!4f13.1!3m3!1m2!1s0x47903b0ee93b30a7%3A0x635c26e2a464e533!2sRadio%20Summernight!5e0!3m2!1sde!2sch!4v1682325406350!5m2!1sde!2sch\" width=\"600\" height=\"450\" style=\"border:0;\" allowfullscreen=\"\" loading=\"lazy\" referrerpolicy=\"no-referrer-when-downgrade\"><\/iframe><\/div><\/div><\/div><p  class=\"\">\n<br >M\u00e9dias jeunesse argoviens\n<br >Igelweid 1\n<br >5000 Aarau<\/p><\/div>  <\/div><\/div> <\/div><div  data-label=\"Content\" data-id=\"content--7\" data-export-id=\"content-12\" data-category=\"content\" class=\"content-12 content-section content-section-spacing\" id=\"content-7\" style=\"background-color: rgb(245, 250, 253);\"><div  class=\"gridContainer\"> <div  class=\"row text-center\"><div  class=\"section-title-col\" data-type=\"column\">  <p  class=\"lead\">Radio Workshop, Radio Workshop f\u00fcr Kinder, Radio Kurs, Radio Kurs f\u00fcr Jugendliche, Radio Ferienprogramm, Radio Projekt buchen, Radio Event f\u00fcr Kinder, Radio Wochenende, Radio Moderation lernen, Live Radio senden, Radiobeitrag erstellen, Radiobeitrag aufnehmen, Radio f\u00fcr Kinder, Radio Ferienkurs, Radio Medienworkshop, Radio lernen, Kinder Radioworkshop, Jugend Radioworkshop, Medienworkshop f\u00fcr Kinder, Medienkompetenz f\u00fcr Kinder<\/p><\/div> <\/div> <div  class=\"row center-xs middle-xs\"> <div  class=\"col-sm-9\" data-type=\"column\"> <\/div> <\/div><\/div> <\/div>","protected":false},"excerpt":{"rendered":"<p>Was erwartet dich? Beim Radioweekend tauchen Kinder und Jugendliche ein in die spannende Welt des Radios und der Moderation. Gemeinsam mit erfahrenen Radiomacher*innen entwickeln sie eigene Sendebeitr\u00e4ge, \u00fcben den sicheren Umgang mit Mikrofon und Technik und erfahren, wie Nachrichten, Interviews und Musik ins Radio kommen. An zwei erlebnisreichen Tagen arbeiten die Teilnehmenden in kleinen Teams,&hellip; <br \/> <a class=\"read-more\" href=\"https:\/\/radiosummernight.ch\/fr\/radioweekend\/\">Read more<\/a><\/p>","protected":false},"author":1,"featured_media":19743,"parent":0,"menu_order":0,"comment_status":"closed","ping_status":"closed","template":"pro\/page-templates\/full-width-page.php","meta":{"episode_type":"","audio_file":"","podmotor_file_id":"","podmotor_episode_id":"","cover_image":"","cover_image_id":"","duration":"","filesize":"","filesize_raw":"","date_recorded":"","explicit":"","block":"","itunes_episode_number":"","itunes_title":"","itunes_season_number":"","itunes_episode_type":"","footnotes":""},"class_list":["post-20222","page","type-page","status-publish","has-post-thumbnail","hentry"],"_links":{"self":[{"href":"https:\/\/radiosummernight.ch\/fr\/wp-json\/wp\/v2\/pages\/20222","targetHints":{"allow":["GET"]}}],"collection":[{"href":"https:\/\/radiosummernight.ch\/fr\/wp-json\/wp\/v2\/pages"}],"about":[{"href":"https:\/\/radiosummernight.ch\/fr\/wp-json\/wp\/v2\/types\/page"}],"author":[{"embeddable":true,"href":"https:\/\/radiosummernight.ch\/fr\/wp-json\/wp\/v2\/users\/1"}],"replies":[{"embeddable":true,"href":"https:\/\/radiosummernight.ch\/fr\/wp-json\/wp\/v2\/comments?post=20222"}],"version-history":[{"count":0,"href":"https:\/\/radiosummernight.ch\/fr\/wp-json\/wp\/v2\/pages\/20222\/revisions"}],"wp:featuredmedia":[{"embeddable":true,"href":"https:\/\/radiosummernight.ch\/fr\/wp-json\/wp\/v2\/media\/19743"}],"wp:attachment":[{"href":"https:\/\/radiosummernight.ch\/fr\/wp-json\/wp\/v2\/media?parent=20222"}],"curies":[{"name":"wp","href":"https:\/\/api.w.org\/{rel}","templated":true}]}}