{"id":22163,"date":"2025-01-21T10:27:52","date_gmt":"2025-01-21T09:27:52","guid":{"rendered":"https:\/\/radiosummernight.ch\/?page_id=22163"},"modified":"2025-04-28T10:54:54","modified_gmt":"2025-04-28T08:54:54","slug":"radiotag","status":"publish","type":"page","link":"https:\/\/radiosummernight.ch\/fr\/radiotag\/","title":{"rendered":"Radio Tag Anmeldung"},"content":{"rendered":"<p style=\"text-align: left;\"><strong>Am Radio Tag laden wir alle Radiobegeisterten ein, einen Tag lang in die Welt des Radios einzutauchen. Egal, ob du schon lange Teil unseres Teams bist oder einfach neugierig bist, was hinter den Kulissen eines Radiosenders passiert.<\/strong><\/p>\n<p style=\"text-align: left;\">Der Tag beginnt mit einer gemeinsamen Redaktionssitzung, bei der Ideen ausgetauscht und spannende Projekte geplant werden. Danach arbeitet jede und jeder individuell weiter \u2013 sei es an Recherchen, der Planung von Interviews oder an einer Radiosendung. Nat\u00fcrlich bleibt auch genug Zeit, sich untereinander auszutauschen und voneinander zu lernen.<\/p>\n<p style=\"text-align: left;\">F\u00fcr alle, die schon l\u00e4nger nicht mehr im Studio waren, ist dies die \u00a0Gelegenheit, wieder einzusteigen, alte F\u00e4higkeiten aufzufrischen und neue Ideen zu entwickeln. Ich freue mich darauf, viele bekannte Gesichter wiederzusehen und gemeinsam kreativ zu sein!<\/p>\n<p style=\"text-align: left;\">Auch Nicht-Mitgliederinnen und Nicht-Mitglieder sind herzlich willkommen, um einen spannenden Einblick in die Welt des Radios zu erhalten.<\/p>\n<h2 style=\"text-align: left;\">Was dich erwartet:<\/h2>\n<div class=\"item\" style=\"text-align: left;\"><span class=\"icon\">\u2714\ufe0f <\/span>Lerne junge Kreative kennen und erweitere dein Netzwerk.<\/div>\n<div class=\"item\" style=\"text-align: left;\"><span class=\"icon\">\ud83c\udf1f <\/span>Tauche ein in die Welt des Jugendradios und entdecke spannende Einblicke.<\/div>\n<div class=\"item\" style=\"text-align: left;\"><span class=\"icon\">\ud83d\udcac <\/span>Teile deine Ideen, diskutiere mit anderen und gestalte aktiv mit.<\/div>\n<div class=\"item\" style=\"text-align: left;\"><span class=\"icon\">\ud83d\udcc8 <\/span>Entwickle neue Skills und bringe dein Potenzial auf das n\u00e4chste Level.<\/div>\n<h2 style=\"text-align: left;\">Anmelden:<\/h2>\n<p style=\"text-align: left;\">\n<div class=\"wpcf7 no-js\" id=\"wpcf7-f22138-o1\" lang=\"de-DE\" dir=\"ltr\" data-wpcf7-id=\"22138\">\n<div class=\"screen-reader-response\"><p role=\"status\" aria-live=\"polite\" aria-atomic=\"true\"><\/p> <ul><\/ul><\/div>\n<form action=\"\/fr\/wp-json\/wp\/v2\/pages\/22163#wpcf7-f22138-o1\" method=\"post\" class=\"wpcf7-form init\" aria-label=\"Kontaktformular\" novalidate=\"novalidate\" data-status=\"init\" data-trp-original-action=\"\/fr\/wp-json\/wp\/v2\/pages\/22163#wpcf7-f22138-o1\">\n<fieldset class=\"hidden-fields-container\"><input type=\"hidden\" name=\"_wpcf7\" value=\"22138\" \/><input type=\"hidden\" name=\"_wpcf7_version\" value=\"6.1.5\" \/><input type=\"hidden\" name=\"_wpcf7_locale\" value=\"de_DE\" \/><input type=\"hidden\" name=\"_wpcf7_unit_tag\" value=\"wpcf7-f22138-o1\" \/><input type=\"hidden\" name=\"_wpcf7_container_post\" value=\"0\" \/><input type=\"hidden\" name=\"_wpcf7_posted_data_hash\" value=\"\" \/>\n<\/fieldset>\n<p><label> Pr\u00e9nom et nom de famille<br \/>\n<span class=\"wpcf7-form-control-wrap\" data-name=\"your-name\"><input size=\"40\" maxlength=\"400\" class=\"wpcf7-form-control wpcf7-text wpcf7-validates-as-required\" aria-required=\"true\" aria-invalid=\"false\" value=\"\" type=\"text\" name=\"your-name\" \/><\/span> <\/label><br \/>\n<label> Jahrgang<br \/>\n<span class=\"wpcf7-form-control-wrap\" data-name=\"your-Jahrgang\"><input class=\"wpcf7-form-control wpcf7-date wpcf7-validates-as-date\" min=\"1990-01-20\" max=\"2025-01-01\" aria-invalid=\"false\" value=\"\" type=\"date\" name=\"your-Jahrgang\" \/><\/span> <\/label><br \/>\n<label> E-Mail<br \/>\n<span class=\"wpcf7-form-control-wrap\" data-name=\"your-email\"><input size=\"40\" maxlength=\"400\" class=\"wpcf7-form-control wpcf7-email wpcf7-validates-as-required wpcf7-text wpcf7-validates-as-email\" aria-required=\"true\" aria-invalid=\"false\" value=\"\" type=\"email\" name=\"your-email\" \/><\/span> <\/label><br \/>\n<label> Num\u00e9ro de t\u00e9l\u00e9phone<br \/>\n<span class=\"wpcf7-form-control-wrap\" data-name=\"tel-274\"><input size=\"40\" maxlength=\"400\" class=\"wpcf7-form-control wpcf7-tel wpcf7-validates-as-required wpcf7-text wpcf7-validates-as-tel\" aria-required=\"true\" aria-invalid=\"false\" value=\"\" type=\"tel\" name=\"tel-274\" \/><\/span><\/label>\n<\/p>\n<p><span class=\"wpcf7-form-control-wrap\" data-name=\"radio-837\"><span class=\"wpcf7-form-control wpcf7-radio\"><span class=\"wpcf7-list-item first\"><label><input type=\"radio\" name=\"radio-837\" value=\"22.02.2025 R\u00fcti\" \/><span class=\"wpcf7-list-item-label\">22.02.2025 R\u00fcti<\/span><\/label><\/span><span class=\"wpcf7-list-item\"><label><input type=\"radio\" name=\"radio-837\" value=\"30.03.2025 Aarau\" \/><span class=\"wpcf7-list-item-label\">30.03.2025 Aarau<\/span><\/label><\/span><span class=\"wpcf7-list-item\"><label><input type=\"radio\" name=\"radio-837\" value=\"29.03.2025 R\u00fcti\" \/><span class=\"wpcf7-list-item-label\">29.03.2025 R\u00fcti<\/span><\/label><\/span><span class=\"wpcf7-list-item\"><label><input type=\"radio\" name=\"radio-837\" value=\"26.04.2025 R\u00fcti\" \/><span class=\"wpcf7-list-item-label\">26.04.2025 R\u00fcti<\/span><\/label><\/span><span class=\"wpcf7-list-item\"><label><input type=\"radio\" name=\"radio-837\" value=\"24.05.2025 R\u00fcti\" \/><span class=\"wpcf7-list-item-label\">24.05.2025 R\u00fcti<\/span><\/label><\/span><span class=\"wpcf7-list-item\"><label><input type=\"radio\" name=\"radio-837\" value=\"28.06.2025 R\u00fcti\" \/><span class=\"wpcf7-list-item-label\">28.06.2025 R\u00fcti<\/span><\/label><\/span><span class=\"wpcf7-list-item\"><label><input type=\"radio\" name=\"radio-837\" value=\"30.08.2025 R\u00fcti\" \/><span class=\"wpcf7-list-item-label\">30.08.2025 R\u00fcti<\/span><\/label><\/span><span class=\"wpcf7-list-item\"><label><input type=\"radio\" name=\"radio-837\" value=\"27.09.2025 R\u00fcti\" \/><span class=\"wpcf7-list-item-label\">27.09.2025 R\u00fcti<\/span><\/label><\/span><span class=\"wpcf7-list-item\"><label><input type=\"radio\" name=\"radio-837\" value=\"25.10.2025 R\u00fcti\" \/><span class=\"wpcf7-list-item-label\">25.10.2025 R\u00fcti<\/span><\/label><\/span><span class=\"wpcf7-list-item last\"><label><input type=\"radio\" name=\"radio-837\" value=\"29.11.2025 R\u00fcti\" \/><span class=\"wpcf7-list-item-label\">29.11.2025 R\u00fcti<\/span><\/label><\/span><\/span><\/span>\n<\/p>\n<p><input class=\"wpcf7-form-control wpcf7-submit has-spinner button\" id=\"form-submit\" type=\"submit\" value=\"Inscris-toi !\" \/>\n<\/p><div class=\"wpcf7-response-output\" aria-hidden=\"true\"><\/div>\n<input type=\"hidden\" name=\"trp-form-language\" value=\"fr\"\/><\/form>\n<\/div>\n<\/p>\n<p style=\"text-align: left;\"><strong>Eine Anmeldung ist Pflicht.<\/strong><\/p>","protected":false},"excerpt":{"rendered":"<p>Am Radio Tag laden wir alle Radiobegeisterten ein, einen Tag lang in die Welt des Radios einzutauchen. Egal, ob du schon lange Teil unseres Teams bist oder einfach neugierig bist, was hinter den Kulissen eines Radiosenders passiert. Der Tag beginnt mit einer gemeinsamen Redaktionssitzung, bei der Ideen ausgetauscht und spannende Projekte geplant werden. Danach arbeitet&hellip; <br \/> <a class=\"read-more\" href=\"https:\/\/radiosummernight.ch\/fr\/radiotag\/\">Read more<\/a><\/p>","protected":false},"author":1,"featured_media":0,"parent":0,"menu_order":0,"comment_status":"closed","ping_status":"closed","template":"","meta":{"episode_type":"","audio_file":"","podmotor_file_id":"","podmotor_episode_id":"","cover_image":"","cover_image_id":"","duration":"","filesize":"","filesize_raw":"","date_recorded":"","explicit":"","block":"","itunes_episode_number":"","itunes_title":"","itunes_season_number":"","itunes_episode_type":"","footnotes":""},"class_list":["post-22163","page","type-page","status-publish","hentry"],"_links":{"self":[{"href":"https:\/\/radiosummernight.ch\/fr\/wp-json\/wp\/v2\/pages\/22163","targetHints":{"allow":["GET"]}}],"collection":[{"href":"https:\/\/radiosummernight.ch\/fr\/wp-json\/wp\/v2\/pages"}],"about":[{"href":"https:\/\/radiosummernight.ch\/fr\/wp-json\/wp\/v2\/types\/page"}],"author":[{"embeddable":true,"href":"https:\/\/radiosummernight.ch\/fr\/wp-json\/wp\/v2\/users\/1"}],"replies":[{"embeddable":true,"href":"https:\/\/radiosummernight.ch\/fr\/wp-json\/wp\/v2\/comments?post=22163"}],"version-history":[{"count":0,"href":"https:\/\/radiosummernight.ch\/fr\/wp-json\/wp\/v2\/pages\/22163\/revisions"}],"wp:attachment":[{"href":"https:\/\/radiosummernight.ch\/fr\/wp-json\/wp\/v2\/media?parent=22163"}],"curies":[{"name":"wp","href":"https:\/\/api.w.org\/{rel}","templated":true}]}}