{"id":25346,"date":"2025-08-14T09:56:29","date_gmt":"2025-08-14T07:56:29","guid":{"rendered":"https:\/\/radiosummernight.ch\/?page_id=25346"},"modified":"2025-08-14T10:45:21","modified_gmt":"2025-08-14T08:45:21","slug":"podcastweekend","status":"publish","type":"page","link":"https:\/\/radiosummernight.ch\/fr\/podcastweekend\/","title":{"rendered":"Podcast Workshop f\u00fcr Kinder und Jugendliche (Podcastweekend)"},"content":{"rendered":"<div id=\"content-5\" class=\"content-18 content-section content-section-spacing\" style=\"background-color: #ffffff;\" data-label=\"Content\" data-id=\"content--5\" data-export-id=\"content-18\" data-category=\"content\">\n<div class=\"gridContainer\">\n<div class=\"row middle-sm\">\n<div class=\"col-sm-6 flexbox around-xs top-xs space-bottom-xs space-top-xs\">\n<div class=\"overlay-box flexbox middle-xs center-xs overlay-holder\">\n<div class=\"overlay-box-offset offset-background shadow-medium bg-color2 hide-xs\"><\/div>\n<p><img decoding=\"async\" class=\"flexbox shadow-large img1\" title=\"IMG_2004\" src=\"https:\/\/radiosummernight.ch\/upload\/IMG_2004-scaled.jpg\" alt=\"\" data-size=\"500x500\"><\/p>\n<\/div>\n<\/div>\n<div class=\"col-sm-6\" data-type=\"column\">\n<h2 class=\"\">Was erwartet dich?<\/h2>\n<p class=\"\">Entdecke mit unserem Podcastweekend die faszinierende Welt des Podcastings! In unseren Workshops lernst du, wie man mitreissende Geschichten entwickelt, spannende Audioinhalte aufnimmt und bearbeitet. Erfahrene Podcaster teilen ihre Geheimnisse und geben wertvolle Tipps. Zusammen mit Gleichgesinnten arbeitest du an deinem eigenen Podcast und besuchst sogar ein professionelles Podcast-Studio wo wir den vorbereiteten Podcast aufnehmen. Am Ende des Wochenendes ver\u00f6ffentlichen wir deine selbst erstellte Podcast-Episode.<\/p>\n<p class=\"\">Wir f\u00fchren seit dem Fr\u00fchjahr 2021 bereits erfolgreich Podcastworkshops durch, die positiven R\u00fcckmeldungen der Kinder und Jugendlichen haben uns angespornt weitere Ausgaben \u00fcber ein Wochenende zu planen. Sei dabei, erhalte einen Einblick ins die Welt des Podcasts und gestalte deinen eigenen Podcast!<\/p>\n<p>Du magst lieber Radio? Wir bieten auch ein Radioweekend an\u00a0<a href=\"..\/radioweekend\" target=\"_self\" rel=\"noopener\" data-cp-link=\"1\">zum Radioweekend<\/a><\/p>\n<\/div>\n<\/div>\n<\/div>\n<\/div>\n<div id=\"content-6\" class=\"content-3 content-section content-section-spacing content-relative\" style=\"background-color: #ffffff; background-image: none;\" data-label=\"Content\" data-id=\"content--6\" data-export-id=\"content-3\" data-category=\"content\">\n<div>\n<div class=\"row middle-xs\">\n<div class=\"col-sm-7 full-col-left-padding full-col-right-padding\">\n<div class=\"row\">\n<div class=\"space-bottom-small content-title-col\" data-type=\"column\">\n<h2 class=\"\">Informationen zum Weekend<\/h2>\n<\/div>\n<\/div>\n<div class=\"row spaced-cols\" data-type=\"row\">\n<div class=\"col-xs-6 col-md-12\" data-type=\"column\">\n<p class=\"\"><span style=\"font-weight: 900;\"><br \/>\nF\u00fcr wen?<\/span><br \/>\nKinder und Jugendliche zwischen 10 und 18 Jahren mit oder ohne Podcasterfahrung<\/p>\n<\/div>\n<div class=\"col-xs-6 col-md-12\" data-type=\"column\">\n<p class=\"\"><span style=\"font-weight: 900;\"><br \/>\nWo?<\/span><br \/>\nIm Studio vom Radio Summernight in Aarau oder R\u00fcti (Daten beachten!)<\/p>\n<\/div>\n<div class=\"col-xs-6 col-md-12\" data-type=\"column\">\n<p class=\"\"><span style=\"font-weight: 900;\"><br \/>\nPreis:<\/span><br \/>\n100.-<\/p>\n<p>Im Preis ist die Betreuung zwischen 09.00 und 16.00 Uhr, der Grundkurs im Podcasting sowie das Zn\u00fcni und die Getr\u00e4nke inklusive.<\/p>\n<\/div>\n<div class=\"col-xs-6 col-md-12\" data-type=\"column\">\n<p class=\"\"><b>Wann?<\/b><\/p>\n<p>14.02 &amp; 15.02.2026 in Aarau<br \/>\noder<br \/>\n28.02 &amp; 01.03.2026 in R\u00fcti ZH<\/p>\n<\/div>\n<\/div>\n<\/div>\n<div class=\"col-sm-5 bg-image shadow-large-black revert-classes-holder\" style=\"background-image: url('https:\/\/radiosummernight.ch\/upload\/IMG_2019-scaled.jpg');\" data-bg=\"image\"><\/div>\n<\/div>\n<\/div>\n<div class=\"section-separator-bottom\"><\/div>\n<\/div>\n<div id=\"cta-1\" class=\"cta-blue-section content-section content-section-spacing-medium bg-color1 white-text content-relative\" data-label=\"Cta\" data-id=\"cta--1\" data-export-id=\"cta-blue-section\" data-category=\"cta\">\n<div class=\"gridContainer\">\n<div class=\"row middle-xs\">\n<div class=\"col-sm-8 space-bottom-xs\" data-type=\"column\">\n<h2 class=\"\">Sei mit dabei! <span class=\"font-300\">Beim Podcastweekend 2026<\/span><\/h2>\n<\/div>\n<div class=\"col-sm-4 end-sm\" data-type=\"column\"><a class=\"button color-white\" href=\"#anmelden\" target=\"_self\" rel=\"noopener\" data-cp-link=\"1\" data-icon=\"\">Jetzt anmelden<\/a><\/div>\n<\/div>\n<\/div>\n<\/div>\n<div id=\"anmelden\" class=\"cta-centered-bg-section content-section content-section-spacing-medium white-text\" style=\"background-color: #f5fafd; background-image: url('https:\/\/radiosummernight.ch\/upload\/2023\/01\/cropped-F7465979-BBA9-42B2-B5D4-3E7A1998D6FD.jpeg'); background-size: cover; background-position: center top;\" data-label=\"anmelden\" data-id=\"cta--2\" data-export-id=\"cta-centered-bg-section\" data-category=\"cta\" data-section-ov=\"1\" data-parallax-depth=\"20\">\n<div class=\"gridContainer\">\n<div class=\"row text-center\">\n<div class=\"\" data-type=\"column\">\n<h2 class=\"\"><\/h2>\n<div class=\"\" data-editable=\"true\" data-name=\"ope-widgets-area\" data-content-shortcode=\"mesmerize_display_widgets_area id=&quot;mesmerize_users_custom_widgets_areas_8&quot; \"><div data-name=\"mesmerize-widgets-area\"><div id=\"block-198\" class=\"widget widget_block\"><iframe loading=\"lazy\" src=\"https:\/\/rsn.zahls.ch\/pay?tid=563603b1&appview=1&breakIframe=1\" allow=\"payment *\" width=\"100%\" height=\"1600\" style=\"border:0;\" id=\"zahls-embed\"><\/iframe>\n<\/div><\/div><\/div>\n<\/div>\n<\/div>\n<\/div>\n<\/div>\n<div id=\"overlappable-1\" class=\"overlappable-1 content-section content-section-spacing\" style=\"background-color: #ffffff;\" data-label=\"Overlappable\" data-id=\"overlappable--1\" data-export-id=\"overlappable-1\" data-category=\"overlappable\" data-overlap=\"true\">\n<div class=\"gridContainer\">\n<div class=\"row shadow-medium\" data-type=\"row\">\n<div class=\"col-xs-12 col-sm-4 flexcol bg-color-white col-padding col-padding-small-xs col-md-6\" data-type=\"column\">\n<h5 class=\"\">Studio in R\u00fcti ZH<\/h5>\n<div class=\"\" data-editable=\"true\" data-name=\"ope-widgets-area\" data-content-shortcode=\"mesmerize_display_widgets_area id=&quot;mesmerize_users_custom_widgets_areas_1&quot; \"><div data-name=\"mesmerize-widgets-area\"><div id=\"block-62\" class=\"widget widget_block\"><iframe src=\"https:\/\/www.google.com\/maps\/embed?pb=!1m18!1m12!1m3!1d86645.58791442002!2d8.700933897265639!3d47.2620655!2m3!1f0!2f0!3f0!3m2!1i1024!2i768!4f13.1!3m3!1m2!1s0x479ab76137ade60f%3A0xf646d8a5484d2181!2sRadio%20Summernight!5e0!3m2!1sde!2sch!4v1682325865313!5m2!1sde!2sch\" width=\"600\" height=\"450\" style=\"border:0;\" allowfullscreen=\"\" loading=\"lazy\" referrerpolicy=\"no-referrer-when-downgrade\"><\/iframe><\/div><\/div><\/div>\n<p class=\"\" style=\"text-align: left;\">Radio jeunesse zurichoise<\/p>\n<p>Joweid Zentrum 4<\/p>\n<p>8630 R\u00fcti ZH<\/p>\n<\/div>\n<div class=\"col-xs-12 col-sm-4 flexcol bg-color2 col-padding col-padding-small-xs inverted col-md-6\" data-type=\"column\">\n<h5 class=\"inverted\">Studio in Aarau<\/h5>\n<div class=\"\" data-editable=\"true\" data-name=\"ope-widgets-area\" data-content-shortcode=\"mesmerize_display_widgets_area id=&quot;mesmerize_users_custom_widgets_areas_2&quot; \"><div data-name=\"mesmerize-widgets-area\"><div id=\"block-61\" class=\"widget widget_block\"><iframe src=\"https:\/\/www.google.com\/maps\/embed?pb=!1m18!1m12!1m3!1d86428.67810677244!2d7.888963397265619!3d47.39445829999999!2m3!1f0!2f0!3f0!3m2!1i1024!2i768!4f13.1!3m3!1m2!1s0x47903b0ee93b30a7%3A0x635c26e2a464e533!2sRadio%20Summernight!5e0!3m2!1sde!2sch!4v1682325406350!5m2!1sde!2sch\" width=\"600\" height=\"450\" style=\"border:0;\" allowfullscreen=\"\" loading=\"lazy\" referrerpolicy=\"no-referrer-when-downgrade\"><\/iframe><\/div><\/div><\/div>\n<p class=\"\">M\u00e9dias jeunesse argoviens<\/p>\n<p>Igelweid 1<\/p>\n<p>5000 Aarau<\/p>\n<\/div>\n<\/div>\n<\/div>\n<\/div>\n<div id=\"content-7\" class=\"content-12 content-section content-section-spacing\" style=\"background-color: #f5fafd;\" data-label=\"Content\" data-id=\"content--7\" data-export-id=\"content-12\" data-category=\"content\">\n<div class=\"gridContainer\">\n<div class=\"row text-center\">\n<div class=\"section-title-col\" data-type=\"column\">\n<p class=\"lead\">Podcast Workshop, Podcast erstellen, Podcast starten, Podcast aufnehmen, Podcast bearbeiten, Podcast ver\u00f6ffentlichen, Podcast f\u00fcr Kinder, Podcast Kurs, Podcast Ferienprogramm, Podcast Tipps, Podcast Ausr\u00fcstung.<\/p>\n<\/div>\n<\/div>\n<div class=\"row center-xs middle-xs\">\n<div class=\"col-sm-9\" data-type=\"column\"><\/div>\n<\/div>\n<\/div>\n<\/div>","protected":false},"excerpt":{"rendered":"<p>Was erwartet dich? Entdecke mit unserem Podcastweekend die faszinierende Welt des Podcastings! In unseren Workshops lernst du, wie man mitreissende Geschichten entwickelt, spannende Audioinhalte aufnimmt und bearbeitet. Erfahrene Podcaster teilen ihre Geheimnisse und geben wertvolle Tipps. Zusammen mit Gleichgesinnten arbeitest du an deinem eigenen Podcast und besuchst sogar ein professionelles Podcast-Studio wo wir den vorbereiteten&hellip; <br \/> <a class=\"read-more\" href=\"https:\/\/radiosummernight.ch\/fr\/podcastweekend\/\">Read more<\/a><\/p>","protected":false},"author":1,"featured_media":19743,"parent":0,"menu_order":0,"comment_status":"closed","ping_status":"closed","template":"pro\/page-templates\/full-width-page.php","meta":{"episode_type":"","audio_file":"","podmotor_file_id":"","podmotor_episode_id":"","cover_image":"","cover_image_id":"","duration":"","filesize":"","filesize_raw":"","date_recorded":"","explicit":"","block":"","itunes_episode_number":"","itunes_title":"","itunes_season_number":"","itunes_episode_type":"","footnotes":""},"class_list":["post-25346","page","type-page","status-publish","has-post-thumbnail","hentry"],"_links":{"self":[{"href":"https:\/\/radiosummernight.ch\/fr\/wp-json\/wp\/v2\/pages\/25346","targetHints":{"allow":["GET"]}}],"collection":[{"href":"https:\/\/radiosummernight.ch\/fr\/wp-json\/wp\/v2\/pages"}],"about":[{"href":"https:\/\/radiosummernight.ch\/fr\/wp-json\/wp\/v2\/types\/page"}],"author":[{"embeddable":true,"href":"https:\/\/radiosummernight.ch\/fr\/wp-json\/wp\/v2\/users\/1"}],"replies":[{"embeddable":true,"href":"https:\/\/radiosummernight.ch\/fr\/wp-json\/wp\/v2\/comments?post=25346"}],"version-history":[{"count":0,"href":"https:\/\/radiosummernight.ch\/fr\/wp-json\/wp\/v2\/pages\/25346\/revisions"}],"wp:featuredmedia":[{"embeddable":true,"href":"https:\/\/radiosummernight.ch\/fr\/wp-json\/wp\/v2\/media\/19743"}],"wp:attachment":[{"href":"https:\/\/radiosummernight.ch\/fr\/wp-json\/wp\/v2\/media?parent=25346"}],"curies":[{"name":"wp","href":"https:\/\/api.w.org\/{rel}","templated":true}]}}