{"id":28684,"date":"2026-05-12T16:31:28","date_gmt":"2026-05-12T14:31:28","guid":{"rendered":"https:\/\/radiosummernight.ch\/?page_id=28684"},"modified":"2026-05-12T16:49:34","modified_gmt":"2026-05-12T14:49:34","slug":"radiobus-nach-marderschaden-unterstuetzen","status":"publish","type":"page","link":"https:\/\/radiosummernight.ch\/fr\/radiobus-nach-marderschaden-unterstuetzen\/","title":{"rendered":"Radiobus nach Marderschaden unterst\u00fctzen"},"content":{"rendered":"<div data-label=\"Contact\" data-id=\"contact--1\" data-export-id=\"contact-1\" data-category=\"contact\" class=\"contact-1 content-section content-section-spacing white-text\" data-parallax-depth=\"20\" id=\"contact-1\" style=\"background-color: #ffffff; background-image: url('https:\/\/radiosummernight.ch\/upload\/2026\/04\/65284d80-0100-468a-be6f-69e047035333.jpeg'); background-size: cover; background-position: center top;\">\r\n<div class=\"gridContainer\">\r\n<div class=\"row text-center\">\r\n<div class=\"section-title-col\" data-type=\"column\">\r\n<h2 class=\"\">Gemeinsam Kinderprojekte erm\u00f6glichen\u00a0\ud83d\udc9a<\/h2>\r\n<div data-editable=\"true\" data-name=\"ope-widgets-area\" data-content-shortcode=\"mesmerize_display_widgets_area id=&quot;mesmerize_users_custom_widgets_areas_13&quot; \" class=\"\" style=\"position: relative; top: 0px; left: 0px;\"><div data-name=\"mesmerize-widgets-area\"><div id=\"block-246\" class=\"widget widget_block\"><iframe loading=\"lazy\" src=\"https:\/\/rsn.zahls.ch\/de\/pay?cid=a6669bb3&donation[preselect_amount]=100&hide_description=1&appview=1\" allow=\"payment *\" width=\"100%\" height=\"1300\" style=\"border:0;\" id=\"zahls-embed\"><\/iframe><\/div><\/div><\/div>\r\n<\/div>\r\n<\/div>\r\n\r\n<\/div>\r\n<\/div>\r\n<\/div>\r\n<\/div>\r\n<\/div>\r\n<div data-label=\"Overlappable\" data-id=\"overlappable--1\" data-export-id=\"overlappable-3\" data-category=\"overlappable\" class=\"overlappable-3 content-section content-section-spacing\" data-overlap=\"true\" id=\"overlappable-1\" style=\"background-color: #ffffff;\">\r\n<div class=\"\">\r\n<div class=\"row bg-color-white shadow-medium\">\r\n<div class=\"col-xs-12 col-sm-6 image-col first-image-col\" data-bg=\"image\" style=\"background-image: url('https:\/\/radiosummernight.ch\/upload\/2026\/04\/cropped-IMG_5286-scaled-1.jpeg');\"><\/div>\r\n<div class=\"col-xs-12 col-sm-6 content-col col-padding col-padding-xs\">\r\n<div class=\"col-padding\" data-type=\"column\">\r\n<h4 class=\"\"><span style=\"font-weight: bold;\">Radio selber erleben<\/span><\/h4>\r\n<p class=\"\">Mit unserem Radiobus bringen wir Radio- und Medienkurse direkt zu Kindern und Jugendlichen. Ob an Schulen, im Ferienpass oder an Veranstaltungen \u2013 die Teilnehmenden d\u00fcrfen selbst moderieren, Interviews f\u00fchren, aufnehmen und eigene Beitr\u00e4ge produzieren.<\/p>\r\n\r\n<\/div>\r\n<\/div>\r\n<\/div>\r\n<div class=\"row bg-color-white shadow-medium\">\r\n<div class=\"col-xs-12 col-sm-6 content-col col-padding col-padding-xs\">\r\n<div class=\"col-padding\" data-type=\"column\">\r\n<h4 class=\"\"><span style=\"font-weight: bold;\">Kreativit\u00e4t und Medienkompetenz f\u00f6rdern<\/span><\/h4>\r\n<p class=\"\">J\u00e4hrlich erreichen wir mit unseren Angeboten \u00fcber 1000 Kinder und Jugendliche im Ferienpass sowie viele weitere Schulklassen in der ganzen Schweiz. In unseren Kursen lernen sie spielerisch den Umgang mit Medien, st\u00e4rken ihre Kreativit\u00e4t und erhalten spannende Einblicke hinter die Kulissen des Radios.<\/p>\r\n\r\n<\/div>\r\n<\/div>\r\n<div class=\"col-xs-12 col-sm-6 image-col second-image-col first-xs last-sm\" data-bg=\"image\" style=\"background-image: url('https:\/\/radiosummernight.ch\/upload\/2026\/05\/cropped-IMG_5341-scaled-1.jpg');\"><\/div>\r\n<\/div>\r\n<\/div>\r\n<\/div>\r\n<div data-label=\"Cta\" data-id=\"cta--1\" data-export-id=\"cta-blue-section\" data-category=\"cta\" class=\"cta-blue-section content-section content-section-spacing-medium bg-color1 white-text\" id=\"cta-1\">\r\n<div class=\"gridContainer\">\r\n<div class=\"row middle-xs\">\r\n<div class=\"col-sm-8 space-bottom-xs\" data-type=\"column\">\r\n<h2 class=\"\">Radiobus wieder auf Sendung bringen<\/h2>\r\n<\/div>\r\n<div class=\"col-sm-4 end-sm\" data-type=\"column\"><a class=\"button color-white\" href=\"#spenden\" target=\"_self\" data-cp-link=\"1\" data-icon=\"\">Jetzt helfen \ud83d\udc9a<\/a><\/div>\r\n<\/div>\r\n<\/div>\r\n<\/div>\r\n<div data-label=\"About\" data-id=\"about--1\" data-export-id=\"about-6\" data-category=\"about\" class=\"about-6 content-section content-section-spacing\" id=\"about-1\" style=\"background-color: #f5fafd;\">\r\n<div class=\"gridContainer\">\r\n<div class=\"row middle-sm text-center\">\r\n<div class=\"col-sm-6 space-bottom-xs\" data-type=\"column\">\r\n<h2 class=\"\" style=\"text-align: left;\">Marderschaden am Radiobus<\/h2>\r\n<p class=\"\" style=\"text-align: left;\">Leider wurde unser Radiobus durch einen Marder besch\u00e4digt. Kabel im Motorraum wurden angefressen und mussten repariert werden. Zus\u00e4tzlich m\u00f6chten wir nun einen Marderschutz einbauen lassen, damit der Bus weiterhin zuverl\u00e4ssig unterwegs sein kann.\r\n\r\n\r\n\r\nBesonders bitter: Der neue Radiobus ist erst seit rund einem Monat im Einsatz. Er wurde angeschafft, nachdem unser bisheriger Bus nach vielen Jahren und zahlreichen Eins\u00e4tzen ausgedient hatte. Umso mehr trifft uns dieser unerwartete Schaden kurz nach der Inbetriebnahme.<\/p>\r\n\r\n<\/div>\r\n<div class=\"col-sm-6 image-group-right-3 space-bottom-xs\">\r\n<div class=\"top-media\"><img decoding=\"async\" class=\"shadow-large\" data-size=\"350x250\" src=\"https:\/\/radiosummernight.ch\/upload\/2026\/05\/cropped-processed-84723A86-4C6D-440A-A8B3-790507A6251E.jpeg\" title=\"cropped-processed-84723A86-4C6D-440A-A8B3-790507A6251E.jpeg\" alt=\"\"><\/div>\r\n<div class=\"bottom-media\"><img decoding=\"async\" class=\"shadow-large\" data-size=\"350x250\" src=\"https:\/\/radiosummernight.ch\/upload\/2026\/05\/processed-5B7B5839-BBA9-4B91-85D5-3C9C40ADDFC1.jpeg\" title=\"processed-5B7B5839-BBA9-4B91-85D5-3C9C40ADDFC1\" alt=\"\"><\/div>\r\n<div class=\"left-media\">\r\n\r\n<img decoding=\"async\" class=\"shadow-large\" data-size=\"350x400\" src=\"https:\/\/radiosummernight.ch\/upload\/2026\/05\/cropped-processed-9C923B55-0389-48E4-A339-AAE6FB839C5A.jpeg\" title=\"cropped-processed-9C923B55-0389-48E4-A339-AAE6FB839C5A.jpeg\" alt=\"\">\r\n<div class=\"offset-double-border-overlay\">\r\n<div class=\"border-1 shadow-small\"><\/div>\r\n<div class=\"border-2\"><\/div>\r\n<\/div>\r\n<\/div>\r\n<\/div>\r\n<\/div>\r\n<\/div>\r\n<\/div>\r\n<div data-label=\"Content\" data-id=\"content--1\" data-export-id=\"content-8\" data-category=\"content\" class=\"content-8 content-section content-section-spacing\" id=\"content-1\" style=\"background-color: #ffffff;\">\r\n<div class=\"gridContainer\">\r\n<div class=\"row middle-sm\">\r\n<div class=\"col-sm-6 space-bottom-xs space-top-xs\" data-type=\"column\"><img decoding=\"async\" class=\"shadow-large\" src=\"https:\/\/radiosummernight.ch\/upload\/2026\/04\/4ab5f670-c808-4e9e-9f67-2974bc22ed42.jpeg\" title=\"4ab5f670-c808-4e9e-9f67-2974bc22ed42\" alt=\"\"><\/div>\r\n<div class=\"col-sm-6\" data-type=\"column\">\r\n<h2 class=\"\">Jetzt Unterst\u00fctzung gesucht<\/h2>\r\n<p class=\"\">F\u00fcr den Selbstbehalt der Reparatur sowie den Einbau des Marderschutzes ben\u00f6tigen wir insgesamt CHF 850.\u2013.\r\nJede Unterst\u00fctzung hilft, damit unser Radiobus weiterhin f\u00fcr Kinder und Jugendliche unterwegs sein kann. \ud83d\udc9a<\/p>\r\n\r\n<\/div>\r\n<\/div>\r\n<\/div>\r\n<\/div>\r\n<div data-label=\"spenden\" data-id=\"contact--2\" data-export-id=\"contact-1\" data-category=\"contact\" class=\"contact-1 content-section content-section-spacing white-text\" data-parallax-depth=\"20\" id=\"spenden\" style=\"background-color: #f5fafd; background-image: url('https:\/\/radiosummernight.ch\/upload\/2026\/04\/87dfd83b-2153-4fc2-b0e1-9d6aa5c4a05d.jpeg'); background-size: cover; background-position: center top;\">\r\n<div class=\"gridContainer\">\r\n<div class=\"row text-center\">\r\n<div class=\"section-title-col\" data-type=\"column\">\r\n<h2 class=\"\">Gemeinsam Kinderprojekte erm\u00f6glichen \ud83d\udc9a<\/h2>\r\n\r\n<\/div>\r\n<\/div>\r\n<div class=\"row text-center\">\r\n<div class=\"col-xs-12 col-sm-8 col-sm-offset-2 contact-form-wrapper inline-info\">\r\n<div class=\"card large-padding\">\r\n<div class=\"\" data-content-shortcode=\"mesmerize_contact_form\" data-editable=\"true\"><div data-name=\"mesmerize-widgets-area\"><div id=\"block-246\" class=\"widget widget_block\"><iframe loading=\"lazy\" src=\"https:\/\/rsn.zahls.ch\/de\/pay?cid=a6669bb3&donation[preselect_amount]=100&hide_description=1&appview=1\" allow=\"payment *\" width=\"100%\" height=\"1300\" style=\"border:0;\" id=\"zahls-embed\"><\/iframe><\/div><\/div><\/div>\r\n<\/div>\r\n<\/div>\r\n<\/div>\r\n<\/div>\r\n<\/div>","protected":false},"excerpt":{"rendered":"<p>Gemeinsam Kinderprojekte erm\u00f6glichen\u00a0\ud83d\udc9a Radio selber erleben Mit unserem Radiobus bringen wir Radio- und Medienkurse direkt zu Kindern und Jugendlichen. Ob an Schulen, im Ferienpass oder an Veranstaltungen \u2013 die Teilnehmenden d\u00fcrfen selbst moderieren, Interviews f\u00fchren, aufnehmen und eigene Beitr\u00e4ge produzieren. Kreativit\u00e4t und Medienkompetenz f\u00f6rdern J\u00e4hrlich erreichen wir mit unseren Angeboten \u00fcber 1000 Kinder und Jugendliche&hellip; <br \/> <a class=\"read-more\" href=\"https:\/\/radiosummernight.ch\/fr\/radiobus-nach-marderschaden-unterstuetzen\/\">Read more<\/a><\/p>","protected":false},"author":1,"featured_media":0,"parent":0,"menu_order":0,"comment_status":"closed","ping_status":"closed","template":"pro\/page-templates\/full-width-page.php","meta":{"episode_type":"","audio_file":"","podmotor_file_id":"","podmotor_episode_id":"","cover_image":"","cover_image_id":"","duration":"","filesize":"","filesize_raw":"","date_recorded":"","explicit":"","block":"","itunes_episode_number":"","itunes_title":"","itunes_season_number":"","itunes_episode_type":"","footnotes":""},"class_list":["post-28684","page","type-page","status-publish","hentry"],"_links":{"self":[{"href":"https:\/\/radiosummernight.ch\/fr\/wp-json\/wp\/v2\/pages\/28684","targetHints":{"allow":["GET"]}}],"collection":[{"href":"https:\/\/radiosummernight.ch\/fr\/wp-json\/wp\/v2\/pages"}],"about":[{"href":"https:\/\/radiosummernight.ch\/fr\/wp-json\/wp\/v2\/types\/page"}],"author":[{"embeddable":true,"href":"https:\/\/radiosummernight.ch\/fr\/wp-json\/wp\/v2\/users\/1"}],"replies":[{"embeddable":true,"href":"https:\/\/radiosummernight.ch\/fr\/wp-json\/wp\/v2\/comments?post=28684"}],"version-history":[{"count":7,"href":"https:\/\/radiosummernight.ch\/fr\/wp-json\/wp\/v2\/pages\/28684\/revisions"}],"predecessor-version":[{"id":28705,"href":"https:\/\/radiosummernight.ch\/fr\/wp-json\/wp\/v2\/pages\/28684\/revisions\/28705"}],"wp:attachment":[{"href":"https:\/\/radiosummernight.ch\/fr\/wp-json\/wp\/v2\/media?parent=28684"}],"curies":[{"name":"wp","href":"https:\/\/api.w.org\/{rel}","templated":true}]}}