{"id":4990,"date":"2020-08-05T13:10:39","date_gmt":"2020-08-05T13:10:39","guid":{"rendered":"https:\/\/radiosummernight.ch\/?page_id=4990"},"modified":"2022-10-25T17:23:42","modified_gmt":"2022-10-25T15:23:42","slug":"gewinnspiele","status":"publish","type":"page","link":"https:\/\/radiosummernight.ch\/fr\/gewinnspiele\/","title":{"rendered":"Allgemeine Gesch\u00e4ftsbedingungen f\u00fcr Gewinnspiele"},"content":{"rendered":"<p>RSN Medien, Fl\u00f6sserstrasse 7, 5000 Aarau mit den Sozialmedia Accounts:<\/p>\n<p>Instagram <a class=\"external\" href=\"https:\/\/www.instagram.com\/radiosummernight.ch\/\" target=\"_blank\" rel=\"noopener noreferrer\">@radiosummernight.ch <\/a><a href=\"https:\/\/instagram.com\/zuercherjugendradio?igshid=YmMyMTA2M2Y=\" target=\"_blank\" rel=\"noopener\">@zuercherjugendradio<\/a>\/\u00a0 Facebook <a href=\"https:\/\/www.facebook.com\/radiosummernight.ch\/\">@radiosummernight.ch<\/a> \/\u00a0 Tiktok @radiosummernight.ch \u2013 nachfolgend \u201eVeranstalter\u201c<\/p>\n<p>&nbsp;<\/p>\n<p><strong>1. Gegenstand<\/strong><\/p>\n<p>Diese Teilnahmebedingungen gelten f\u00fcr alle Gewinnspiele, die von der RSN Media auf den Socialmedia Kan\u00e4len durchgef\u00fchrt werden.<br \/>\nDie Gewinnspiele stehen in keinerlei Verbindung zu Instagram\/ Facebook oder Tiktok und werden in keinster Weise von den Socialmedia Plattformen gesponsert, unterst\u00fctzt oder organisiert. Der Empf\u00e4nger der von den Teilnehmern bereitgestellten Daten ist nicht die Socialmedia Plattform, sondern die RSN Media s\u00e4mtliche Informationen im Rahmen der Gewinnspiele werden ausschlie\u00dflich von der RSN Media als Veranstalter zur Verf\u00fcgung gestellt.<\/p>\n<p><strong>2. Teilnahme<\/strong><\/p>\n<p>Mit der Teilnahme am Gewinnspiel erkennt der Socialmedia-User diese allgemeinen Teilnahmebedingungen ausdr\u00fccklich an. Bei Versto\u00df gegen die Teilnahmebedingungen wird der Teilnehmer* vom Gewinnspiel ausgeschlossen. Das Mindestalter f\u00fcr eine Teilnahme liegt bei 18 Jahren. Die Teilnahme ist nur \u00fcber eine pers\u00f6nlichen Socialmedia-Anmeldung (den eigenen Account) m\u00f6glich.<br \/>\nBeginn des Gewinnspiels ist das Datum der Ver\u00f6ffentlichung auf dem Socialmedia Profil. Die Teilnahme ist nur bis zum jeweils angegebenen Zeitpunkt m\u00f6glich. Entsprechende Zeiten sind den Angaben zum Gewinnspiel auf den jeweiligen Socialaccounts zu entnehmen.<br \/>\nJe nach Gewinnspiel ist eine Teilnahme \u00fcber das Liken eines Beitrags auf unserer Seite, dessen Kommentierung oder das Schreiben einer Nachricht an die RSN Media als Betreiber der Socialen-Seite m\u00f6glich. Des Weiteren werden auch Abstimmungen unter den Usern zur Ermittlung eines Gewinnerbeitrags durchgef\u00fchrt (z.B. \u201cDas Foto mit den meisten \u201cLikes\u201d gewinnt\u201d). Welche konkreten Handlungen jeweils erforderlich sind, um an einem Gewinnspiel auf der Seite teilzunehmen, kann der Beschreibung des Gewinnspiels in der Chronik der Seite entnommen werden.<br \/>\nEine Teilnahme nach Ablauf des angegebenen Termins zur Auslobung des Gewinns ist ausgeschlossen. Ma\u00dfgeblich ist der elektronisch protokollierte Eingang beim Veranstalter. Der Veranstalter kann f\u00fcr jegliche technischen St\u00f6rungen, z.B. etwaige Ausf\u00e4lle des Telefonnetzes oder St\u00f6rungen der Server, die eine fristgerechte Teilnahme hindern, nicht verantwortlich gemacht werden.<br \/>\nDer Veranstalter beh\u00e4lt sich das Recht vor, die Gewinnspielbestandteile aufgrund unvorhergesehener Umst\u00e4nde ohne Vorank\u00fcndigung zu \u00e4ndern, das Gewinnspiel abzubrechen oder zu beenden. Letzteres gilt insbesondere, wenn Fehler der Soft- oder Hardware auftreten und\/oder die ordnungsgem\u00e4\u00dfe Durchf\u00fchrung des Gewinnspiels aufgrund sonstiger technischer oder rechtlicher Gr\u00fcnde nicht mehr m\u00f6glich ist.<\/p>\n<p><strong>3. Inhalte<\/strong><\/p>\n<p>Der Veranstalter haftet nicht f\u00fcr Inhalte, die auf den Seiten der Teilnehmer hochgeladen werden. Der Teilnehmer stellt den Veranstalter insoweit von s\u00e4mtlichen Anspr\u00fcchen Dritter inklusive der erforderlichen Kosten einer Rechtsverteidigung und Rechtsverfolgung vollumf\u00e4nglich frei.<\/p>\n<p><strong>4. Gewinne \/ Gewinnermittlung<\/strong><\/p>\n<p>Der Preis wird im jeweiligen Gewinnspiel-Posting angegeben und kann der Seite\u00a0entnommen werden. Dabei werden ausschlie\u00dflich Sachpreise ausgelobt, deren Auszahlung bzw. Umtausch ausgeschlossen ist. Der Gewinnanspruch ist nicht \u00fcbertragbar.<\/p>\n<p>Gewinnermittlung\/-annahme: Die Ermittlung des Gewinners erfolgt nach dem Losverfahren, sollten nicht im Post andere Angaben zur Gewinnermittlung, z.B. \u2013 Das Foto mit den meisten \u201cLikes\u201d gewinnt (Abstimmung unter den Usern) \u2013 getroffen sein. Beim Losverfahren ermittelt eine Jury der RSN Media, bestehend aus zwei Mitarbeitern unter allen Teilnehmern den Gewinner oder die Gewinnerin.<br \/>\nIst die Einstellung eigenen Contents zum Zwecke der Teilnahme nicht erforderlich, sondern besteht die Teilnahmehandlung lediglich darin, dass z.B. ein Beitrag zu \u201eLiken\u201c ist oder eine Frage beantwortet werden soll, entscheidet das Zufallsprinzip. Die Gewinner werden unmittelbar nach Ende des Gewinnspiels ermittelt und \u00fcber eine Nachricht via Socialmedia benachrichtigt.<br \/>\nDer Gewinner hat die Annahme des Gewinns binnen einer in der Gewinnbenachrichtigung angegebenen Frist nachweislich (per E-Mail) zu best\u00e4tigen. In der Regel wird der Gewinn per Post oder E-Mail zugestellt, daher hat der Gewinner im Falle der Benachrichtigung seine vollst\u00e4ndigen Kontaktdaten nebst Postanschrift und E-Mail-Adresse anzugeben. Sollte der Gewinn nicht zugestellt werden, sondern am Orte der Spielst\u00e4tte abzuholen sein, wird im Rahmen des Postings gesondert darauf hingewiesen. Der Rechtsweg ist ausgeschlossen.<\/p>\n<p><strong>5. Haftung<\/strong><\/p>\n<p>Soweit es sich bei dem Sachpreis um Angebote Dritter (touristischer Leistungstr\u00e4ger, Reiseveranstalter etc.) handelt, haftet die RSN Media nicht f\u00fcr Nicht- oder Schlechtleistung bzw. vom Gewinner anl\u00e4sslich der Leistungsinanspruchnahme erlittener Sch\u00e4den. Es gelten die jeweiligen Gesch\u00e4fts- bzw. Reisebedingungen der Preissponsoren, etwaige Gew\u00e4hrleistungs- oder Schadensersatzanspr\u00fcche sind an diese zu richten.<br \/>\nDie RSN Media haftet als Veranstalter des Gewinnspiels nur f\u00fcr Sch\u00e4den im Zusammenhang mit der Verlosung, die von Angestellten des Unternehmens vors\u00e4tzlich oder grob fahrl\u00e4ssig verursacht wurden. Als Gewinnanbieter haftet der Veranstalter nicht f\u00fcr Sch\u00e4den aufgrund von St\u00f6rungen technischer Anlagen, f\u00fcr Verz\u00f6gerungen oder Unterbrechungen von \u00dcbertragungen oder f\u00fcr Sch\u00e4den, die im Zusammenhang mit der Teilnahme am Gewinnspiel stehen.<\/p>\n<p><strong>6. Datenschutz<\/strong><\/p>\n<p>Zum Zweck der Abwicklung des Gewinnspiels werden vom Gewinner sowie etwaigen Begleitpersonen personenbezogene Daten erhoben. Im Falle eines Gewinns ist der Veranstalter berechtigt, das Profilbild sowie den Namen des Gewinners auf den Socialenkan\u00e4len sowie der Website <a href=\"http:\/\/www.rsn.li\" target=\"_blank\" rel=\"noopener\">www.rsn.li<\/a> zu ver\u00f6ffentlichen. Mit der Teilnahme an einem Gewinnspiel der RSN Media\u00a0erkl\u00e4rt sich jeder Teilnehmer mit diesen Datenschutzrichtlinien einverstanden.<\/p>","protected":false},"excerpt":{"rendered":"<p>RSN Medien, Fl\u00f6sserstrasse 7, 5000 Aarau mit den Sozialmedia Accounts: Instagram @radiosummernight.ch @zuercherjugendradio\/\u00a0 Facebook @radiosummernight.ch \/\u00a0 Tiktok @radiosummernight.ch \u2013 nachfolgend \u201eVeranstalter\u201c &nbsp; 1. Gegenstand Diese Teilnahmebedingungen gelten f\u00fcr alle Gewinnspiele, die von der RSN Media auf den Socialmedia Kan\u00e4len durchgef\u00fchrt werden. Die Gewinnspiele stehen in keinerlei Verbindung zu Instagram\/ Facebook oder Tiktok und werden in&hellip; <br \/> <a class=\"read-more\" href=\"https:\/\/radiosummernight.ch\/fr\/gewinnspiele\/\">Read more<\/a><\/p>","protected":false},"author":1,"featured_media":0,"parent":0,"menu_order":0,"comment_status":"closed","ping_status":"closed","template":"","meta":{"episode_type":"","audio_file":"","podmotor_file_id":"","podmotor_episode_id":"","cover_image":"","cover_image_id":"","duration":"","filesize":"","filesize_raw":"","date_recorded":"","explicit":"","block":"","itunes_episode_number":"","itunes_title":"","itunes_season_number":"","itunes_episode_type":"","footnotes":""},"class_list":["post-4990","page","type-page","status-publish","hentry"],"_links":{"self":[{"href":"https:\/\/radiosummernight.ch\/fr\/wp-json\/wp\/v2\/pages\/4990","targetHints":{"allow":["GET"]}}],"collection":[{"href":"https:\/\/radiosummernight.ch\/fr\/wp-json\/wp\/v2\/pages"}],"about":[{"href":"https:\/\/radiosummernight.ch\/fr\/wp-json\/wp\/v2\/types\/page"}],"author":[{"embeddable":true,"href":"https:\/\/radiosummernight.ch\/fr\/wp-json\/wp\/v2\/users\/1"}],"replies":[{"embeddable":true,"href":"https:\/\/radiosummernight.ch\/fr\/wp-json\/wp\/v2\/comments?post=4990"}],"version-history":[{"count":0,"href":"https:\/\/radiosummernight.ch\/fr\/wp-json\/wp\/v2\/pages\/4990\/revisions"}],"wp:attachment":[{"href":"https:\/\/radiosummernight.ch\/fr\/wp-json\/wp\/v2\/media?parent=4990"}],"curies":[{"name":"wp","href":"https:\/\/api.w.org\/{rel}","templated":true}]}}