{"id":6784,"date":"2021-04-21T21:17:22","date_gmt":"2021-04-21T19:17:22","guid":{"rendered":"https:\/\/radiosummernight.ch\/?page_id=6784"},"modified":"2021-04-21T21:18:03","modified_gmt":"2021-04-21T19:18:03","slug":"chat-regeln","status":"publish","type":"page","link":"https:\/\/radiosummernight.ch\/fr\/chat-regeln\/","title":{"rendered":"Zehn goldene Regeln"},"content":{"rendered":"<ul>\n<li><b>Nicht spammen:<\/b>\u00a0Schreibe nur, wenn du wirklich einen sinnvollen Beitrag zum Gespr\u00e4ch leisten kannst oder eine wichtige Frage hast. Unn\u00f6tige Inhalte nerven und sind oft der Ausl\u00f6ser f\u00fcr Streit.<\/li>\n<li><b>Keine Beleidigungen und L\u00e4stereien:<\/b>\u00a0Wie im echten Leben gilt auch im Gruppenchat, dass niemand beleidigt werden sollte! Auch L\u00e4stereien \u00fcber Leute, sind tabu!<\/li>\n<li><b>Kein Mobbing:<\/b>\u00a0Niemand sollte fertig gemacht werden!<\/li>\n<li><b>Bedeckt halten:<\/b>\u00a0Teile den anderen Gruppenmitgliedern nicht zu viel von dir mit.<\/li>\n<li><b>Achte auf deine Ausdrucksweise<\/b>: Schreibe nicht in GRO\u00dfBUCHSTABEN und achte auf deine Rechtschreibung. Wer Texte mit vielen Rechtschreibfehlern lesen muss, ist schnell genervt.<\/li>\n<li><b>Antworte<\/b>\u00a0der Gruppe, wenn du direkt angesprochen wirst oder wenn du eine Frage beantworten kannst.<\/li>\n<li><b>Vermeide Doppeldeutigkeiten:<\/b>\u00a0Dr\u00fccke dich so aus, dass jeder verstehen kann, was gemeint ist, um Missverst\u00e4ndnisse zu vermeiden.<\/li>\n<li><b>Vermeide Wiederholungen und sende keine Kettenbriefe<\/b>.<\/li>\n<\/ul>","protected":false},"excerpt":{"rendered":"<p>Nicht spammen:\u00a0Schreibe nur, wenn du wirklich einen sinnvollen Beitrag zum Gespr\u00e4ch leisten kannst oder eine wichtige Frage hast. Unn\u00f6tige Inhalte nerven und sind oft der Ausl\u00f6ser f\u00fcr Streit. Keine Beleidigungen und L\u00e4stereien:\u00a0Wie im echten Leben gilt auch im Gruppenchat, dass niemand beleidigt werden sollte! Auch L\u00e4stereien \u00fcber Leute, sind tabu! Kein Mobbing:\u00a0Niemand sollte fertig gemacht&hellip; <br \/> <a class=\"read-more\" href=\"https:\/\/radiosummernight.ch\/fr\/chat-regeln\/\">Read more<\/a><\/p>","protected":false},"author":1,"featured_media":0,"parent":0,"menu_order":0,"comment_status":"closed","ping_status":"closed","template":"","meta":{"episode_type":"","audio_file":"","podmotor_file_id":"","podmotor_episode_id":"","cover_image":"","cover_image_id":"","duration":"","filesize":"","filesize_raw":"","date_recorded":"","explicit":"","block":"","itunes_episode_number":"","itunes_title":"","itunes_season_number":"","itunes_episode_type":"","footnotes":""},"class_list":["post-6784","page","type-page","status-publish","hentry"],"_links":{"self":[{"href":"https:\/\/radiosummernight.ch\/fr\/wp-json\/wp\/v2\/pages\/6784","targetHints":{"allow":["GET"]}}],"collection":[{"href":"https:\/\/radiosummernight.ch\/fr\/wp-json\/wp\/v2\/pages"}],"about":[{"href":"https:\/\/radiosummernight.ch\/fr\/wp-json\/wp\/v2\/types\/page"}],"author":[{"embeddable":true,"href":"https:\/\/radiosummernight.ch\/fr\/wp-json\/wp\/v2\/users\/1"}],"replies":[{"embeddable":true,"href":"https:\/\/radiosummernight.ch\/fr\/wp-json\/wp\/v2\/comments?post=6784"}],"version-history":[{"count":0,"href":"https:\/\/radiosummernight.ch\/fr\/wp-json\/wp\/v2\/pages\/6784\/revisions"}],"wp:attachment":[{"href":"https:\/\/radiosummernight.ch\/fr\/wp-json\/wp\/v2\/media?parent=6784"}],"curies":[{"name":"wp","href":"https:\/\/api.w.org\/{rel}","templated":true}]}}