{"id":7212,"date":"2021-06-28T21:46:56","date_gmt":"2021-06-28T19:46:56","guid":{"rendered":"https:\/\/radiosummernight.ch\/?page_id=7212"},"modified":"2026-03-28T11:08:08","modified_gmt":"2026-03-28T10:08:08","slug":"team","status":"publish","type":"page","link":"https:\/\/radiosummernight.ch\/fr\/team\/","title":{"rendered":"Team"},"content":{"rendered":"<script ><span       data-mce-type=\"bookmark\"style=\"display: inline-block; width: 0px; overflow: hidden; line-height: 0;\"class=mce_SELRES_start>\ufeff<\/span><span       data-mce-type=\"bookmark\"style=\"display: inline-block; width: 0px; overflow: hidden; line-height: 0;\"class=mce_SELRES_start>\ufeff<\/span><span       data-mce-type=\"bookmark\"style=\"display: inline-block; width: 0px; overflow: hidden; line-height: 0;\"class=mce_SELRES_start>\ufeff<\/span><span       data-mce-type=\"bookmark\"style=\"display: inline-block; width: 0px; overflow: hidden; line-height: 0;\"class=mce_SELRES_start>\ufeff<\/span><span       data-mce-type=\"bookmark\"style=\"display: inline-block; width: 0px; overflow: hidden; line-height: 0;\"class=mce_SELRES_start>\ufeff<\/span><span       data-mce-type=\"bookmark\"style=\"display: inline-block; width: 0px; overflow: hidden; line-height: 0;\"class=mce_SELRES_start>\ufeff<\/span><span       data-mce-type=\"bookmark\"style=\"display: inline-block; width: 0px; overflow: hidden; line-height: 0;\"class=mce_SELRES_start>\ufeff<\/span><span       data-mce-type=\"bookmark\"style=\"display: inline-block; width: 0px; overflow: hidden; line-height: 0;\"class=mce_SELRES_start>\ufeff<\/span><span       data-mce-type=\"bookmark\"style=\"display: inline-block; width: 0px; overflow: hidden; line-height: 0;\"class=mce_SELRES_start><span       data-mce-type=\"bookmark\"style=\"display: inline-block; width: 0px; overflow: hidden; line-height: 0;\"class=mce_SELRES_start>\ufeff<\/span>\ufeff<\/span><span       data-mce-type=\"bookmark\"style=\"display: inline-block; width: 0px; overflow: hidden; line-height: 0;\"class=mce_SELRES_start>\ufeff<\/span><span       data-mce-type=\"bookmark\"style=\"display: inline-block; width: 0px; overflow: hidden; line-height: 0;\"class=mce_SELRES_start>\ufeff<\/span><span       data-mce-type=\"bookmark\"style=\"display: inline-block; width: 0px; overflow: hidden; line-height: 0;\"class=mce_SELRES_start>\ufeff<\/span>window.CookieHinweis_options={message:'Diese Website nutzt Cookies, um bestm\u00f6gliche Funktionalit\u00e4t bieten zu k\u00f6nnen.',agree:'Ok, verstanden',learnMore:'Mehr Infos',link:'https:\/\/radiosummernight.ch\/datenschutz\/',theme:'hell-unten-rechts'};<\/script><script  src=\"\"><\/script><div  id=\"team-2\" class=\"team-2 content-section content-section-spacing content-relative\" style=\"background-color: #ffffff; background-image: none; height: auto !important;\" data-label=\"Team\" data-id=\"team-2\" data-export-id=\"team-2\" data-category=\"team\">\n<div  class=\"gridContainer\" style=\"height: auto !important;\">\n<div  class=\"row text-center\">\n<div  class=\"section-title-col\" data-type=\"column\"><\/div>\n<\/div>\n<div  class=\"row spaced-cols content-center-sm center-sm\" style=\"height: auto !important;\" data-type=\"row\">\n<div  class=\"col-sm-6 col-md-3\">\n<div  class=\"card y-move no-padding bordered\">\n<img decoding=\"async\" class=\"face ls-is-cached lazyloaded\" title=\"Kein Titel (10.416 \u00d7 10.416 Zoll)\" src=\"https:\/\/radiosummernight.ch\/upload\/Kein-Titel-10.416-\u00d7-10.416-Zoll.png\" alt=\"\" data-src=\"\/\/i0.wp.com\/radiosummernight.ch\/upload\/2019\/11\/cropped-WhatsApp-Image-2019-11-03-at-13.40.41-1.jpeg\">\n<div  class=\"col-padding-small col-padding-small-xs description-container\" data-type=\"column\">\n<h4  class=\"font-500\">Gian-Luca Biechler<\/h4>\n<p  class=\"small\" style=\"font-style: italic;\">Leitung Radio &amp; Kurse<\/p>\n<div  class=\"social-icons-group\" data-type=\"group\"><\/div>\n<\/div>\n<\/div>\n<\/div>\n<div  class=\"col-sm-6 col-md-3\">\n<div  class=\"card y-move no-padding bordered\">\n<img decoding=\"async\" class=\"face ls-is-cached lazyloaded\" title=\"Design ohne Titel (9)\" src=\"https:\/\/radiosummernight.ch\/upload\/2023\/01\/Design-ohne-Titel-9.png\" alt=\"\" data-src=\"\/\/i0.wp.com\/radiosummernight.ch\/upload\/2019\/11\/cropped-WhatsApp-Image-2019-11-03-at-13.40.41.jpeg\">\n<div  class=\"col-padding-small col-padding-small-xs description-container\" data-type=\"column\">\n<h4  class=\"font-500\">Christian Duss<\/h4>\n<p  class=\"small\" style=\"font-style: italic;\">Finanzen&nbsp;| Fundraising<\/p>\n<div  class=\"social-icons-group\" data-type=\"group\"><\/div>\n<\/div>\n<\/div>\n<\/div>\n<div  class=\"col-sm-6 col-md-3\">\n<div  class=\"card y-move no-padding bordered\">\n<img  decoding=\"async\" class=\"face ls-is-cached lazyloaded\" title=\"Leon Fiecher\" src=\"https:\/\/radiosummernight.ch\/upload\/2023\/01\/Design-ohne-Titel-10.png\" alt=\"Bild von Leon Fiecher\" data-src=\"\/\/i0.wp.com\/radiosummernight.ch\/upload\/2019\/11\/cropped-WhatsApp-Image-2019-11-03-at-13.40.41-1.jpeg\">\n<div  class=\"col-padding-small col-padding-small-xs description-container\" data-type=\"column\">\n<h4  class=\"font-500\">Leon Fiechter<\/h4>\n<p  class=\"small\" style=\"font-style: italic;\">Leitung Ausbildung<\/p>\n<div  class=\"social-icons-group\" data-type=\"group\"><\/div>\n<\/div>\n<\/div>\n<\/div>\n<div  class=\"col-sm-6 col-md-3\">\n<div  class=\"card y-move no-padding bordered\">\n<img decoding=\"async\" class=\"face ls-is-cached lazyloaded\" title=\"IMG_9453\" src=\"https:\/\/radiosummernight.ch\/upload\/cropped-IMG_9453-1-scaled-1.jpeg\" alt=\"\" data-src=\"\/\/i0.wp.com\/radiosummernight.ch\/upload\/2019\/11\/cropped-WhatsApp-Image-2019-11-03-at-13.40.41-1.jpeg\">\n<div  class=\"col-padding-small col-padding-small-xs description-container\" data-type=\"column\">\n<h4  class=\"font-500\">Aline Binder<\/h4>\n<p  class=\"small\" style=\"font-style: italic;\">Praktikantin<\/p>\n<div  class=\"social-icons-group\" data-type=\"group\"><\/div>\n<\/div>\n<\/div>\n<\/div>\n<div  class=\"col-sm-6 col-md-3\">\n<div  class=\"card y-move no-padding bordered\">\n<img  decoding=\"async\" class=\"face ls-is-cached lazyloaded\" title=\"cropped-Bilder-Team-RSN.png\" src=\"https:\/\/radiosummernight.ch\/upload\/2023\/01\/cropped-Bilder-Team-RSN.png\" alt=\"Noch kein Bild vorhanden.\" data-src=\"\/\/i0.wp.com\/radiosummernight.ch\/upload\/2019\/11\/cropped-WhatsApp-Image-2019-11-03-at-13.40.41-1.jpeg\">\n<div  class=\"col-padding-small col-padding-small-xs description-container\" data-type=\"column\">\n<h4  class=\"font-500\">Sandra Biechler<\/h4>\n<p  class=\"small\" style=\"font-style: italic;\">Mitarbeiterin Bildung &amp; Medienarbeit<\/p>\n<div  class=\"social-icons-group\" data-type=\"group\"><\/div>\n<\/div>\n<\/div>\n<\/div><div  class=\"col-sm-6 col-md-3\">\n<div  class=\"card y-move no-padding bordered\">\n<img  decoding=\"async\" class=\"face ls-is-cached lazyloaded\" title=\"Bilder Team RSN\" src=\"https:\/\/radiosummernight.ch\/upload\/2023\/01\/Bilder-Team-RSN.png\" alt=\"Noch kein Bild vorhanden.\" data-src=\"\/\/i0.wp.com\/radiosummernight.ch\/upload\/2019\/11\/cropped-WhatsApp-Image-2019-11-03-at-13.40.41-1.jpeg\">\n<div  class=\"col-padding-small col-padding-small-xs description-container\" data-type=\"column\">\n<h4  class=\"font-500\">Stefan Felder<\/h4>\n<p  class=\"small\" style=\"font-style: italic;\">Moderator \/ Podcaster<\/p>\n<div  class=\"social-icons-group\" data-type=\"group\"><\/div>\n<\/div>\n<\/div>\n<\/div>\n<div  class=\"col-sm-6 col-md-3\">\n<div  class=\"card y-move no-padding bordered\">\n<img decoding=\"async\" class=\"face ls-is-cached lazyloaded\" title=\"IMG_8158\" src=\"https:\/\/radiosummernight.ch\/upload\/IMG_8158-1-scaled.jpeg\" alt=\"\" data-src=\"\/\/i0.wp.com\/radiosummernight.ch\/upload\/2019\/11\/cropped-WhatsApp-Image-2019-11-03-at-13.40.41-1.jpeg\">\n<div  class=\"col-padding-small col-padding-small-xs description-container\" data-type=\"column\">\n<h4  class=\"font-500\">Patrick Bolzern<\/h4>\n<p  class=\"small\" style=\"font-style: italic;\">Moderator<\/p>\n<div  class=\"social-icons-group\" data-type=\"group\"><\/div>\n<\/div>\n<\/div>\n<\/div>\n<div  class=\"col-sm-6 col-md-3\">\n<div  class=\"card y-move no-padding bordered\">\n<img decoding=\"async\" class=\"face ls-is-cached lazyloaded\" title=\"cropped-Alec-Nedic.jpg\" src=\"https:\/\/radiosummernight.ch\/upload\/2026\/03\/cropped-Alec-Nedic.jpg\" alt=\"\" data-src=\"\/\/i0.wp.com\/radiosummernight.ch\/upload\/2019\/11\/cropped-WhatsApp-Image-2019-11-03-at-13.40.41-1.jpeg\">\n<div  class=\"col-padding-small col-padding-small-xs description-container\" data-type=\"column\">\n<h4  class=\"font-500\">Alec Nedic<\/h4>\n<p  class=\"small\" style=\"font-style: italic;\">Moderator<\/p>\n<div  class=\"social-icons-group\" data-type=\"group\"><\/div>\n<\/div>\n<\/div>\n<\/div>\n<div  class=\"col-sm-6 col-md-3\">\n<div  class=\"card y-move no-padding bordered\">\n<img  decoding=\"async\" class=\"face ls-is-cached lazyloaded\" title=\"cropped-Bilder-Team-RSN.png\" src=\"https:\/\/radiosummernight.ch\/upload\/2023\/01\/cropped-Bilder-Team-RSN.png\" alt=\"Noch kein Bild vorhanden.\" data-src=\"\/\/i0.wp.com\/radiosummernight.ch\/upload\/2019\/11\/cropped-WhatsApp-Image-2019-11-03-at-13.40.41-1.jpeg\">\n<div  class=\"col-padding-small col-padding-small-xs description-container\" data-type=\"column\">\n<h4  class=\"font-500\">Ramon Sch\u00e4lchli<\/h4>\n<p  class=\"small\" style=\"font-style: italic;\">Moderator<\/p>\n<div  class=\"social-icons-group\" data-type=\"group\"><\/div>\n<\/div>\n<\/div>\n<\/div>\n<div  class=\"col-sm-6 col-md-3\">\n<div  class=\"card y-move no-padding bordered\">\n<img  decoding=\"async\" class=\"face ls-is-cached lazyloaded\" title=\"Dominik\" src=\"https:\/\/radiosummernight.ch\/upload\/cropped-IMG_5163-scaled-1.jpeg\" alt=\"Mann steht vor einer gr\u00fcnen Neonlichtsignatur mit dem Text 'Studio Summern'.\" data-src=\"\/\/i0.wp.com\/radiosummernight.ch\/upload\/2019\/11\/cropped-WhatsApp-Image-2019-11-03-at-13.40.41-1.jpeg\">\n<div  class=\"col-padding-small col-padding-small-xs description-container\" data-type=\"column\">\n<h4  class=\"font-500\">Dominik Hofmann<\/h4>\n<p  class=\"small\" style=\"font-style: italic;\">Moderator<\/p>\n<div  class=\"social-icons-group\" data-type=\"group\"><\/div>\n<\/div>\n<\/div>\n<\/div>\n<div  class=\"col-sm-6 col-md-3\">\n<div  class=\"card y-move no-padding bordered\">\n<img decoding=\"async\" class=\"face ls-is-cached lazyloaded\" title=\"44253FDB-E61F-42CE-9D68-2B82E98EEE86\" src=\"https:\/\/radiosummernight.ch\/upload\/2023\/04\/44253FDB-E61F-42CE-9D68-2B82E98EEE86.jpeg\" alt=\"\" data-src=\"\/\/i0.wp.com\/radiosummernight.ch\/upload\/2019\/11\/cropped-WhatsApp-Image-2019-11-03-at-13.40.41-1.jpeg\">\n<div  class=\"col-padding-small col-padding-small-xs description-container\" data-type=\"column\">\n<h4  class=\"font-500\">Veronica Confessore<\/h4>\n<p  class=\"small\" style=\"font-style: italic;\">Moderatorin \/ Podcasterin<\/p>\n<div  class=\"social-icons-group\" data-type=\"group\"><\/div>\n<\/div>\n<\/div>\n<\/div>\n<div  class=\"col-sm-6 col-md-3\">\n<div  class=\"card y-move no-padding bordered\">\n<img decoding=\"async\" class=\"face ls-is-cached lazyloaded\" title=\"cropped-Julien-Cadish.jpg\" src=\"https:\/\/radiosummernight.ch\/upload\/2026\/03\/cropped-Julien-Cadish.jpg\" alt=\"\" data-src=\"\/\/i0.wp.com\/radiosummernight.ch\/upload\/2019\/11\/cropped-WhatsApp-Image-2019-11-03-at-13.40.41-1.jpeg\">\n<div  class=\"col-padding-small col-padding-small-xs description-container\" data-type=\"column\">\n<h4  class=\"font-500\">Julien Cadisch<\/h4>\n<p  class=\"small\" style=\"font-style: italic;\">Moderator<\/p>\n<div  class=\"social-icons-group\" data-type=\"group\"><\/div>\n<\/div>\n<\/div>\n<\/div>\n<div  class=\"col-sm-6 col-md-3\">\n<div  class=\"card y-move no-padding bordered\">\n<img decoding=\"async\" class=\"face ls-is-cached lazyloaded\" title=\"IMG_2710\" src=\"https:\/\/radiosummernight.ch\/upload\/IMG_2710-1-scaled.jpeg\" alt=\"\" data-src=\"\/\/i0.wp.com\/radiosummernight.ch\/upload\/2019\/11\/cropped-WhatsApp-Image-2019-11-03-at-13.40.41-1.jpeg\">\n<div  class=\"col-padding-small col-padding-small-xs description-container\" data-type=\"column\">\n<h4  class=\"font-500\">Jael Oberholzer<\/h4>\n<p  class=\"small\" style=\"font-style: italic;\">Moderatorin<\/p>\n<div  class=\"social-icons-group\" data-type=\"group\"><\/div>\n<\/div>\n<\/div>\n<\/div>\n<div  class=\"col-sm-6 col-md-3\">\n<div  class=\"card y-move no-padding bordered\">\n<img  decoding=\"async\" class=\"face ls-is-cached lazyloaded\" title=\"Benjamin Klaus\" src=\"https:\/\/radiosummernight.ch\/upload\/2023\/01\/Kein-Titel-10.416-\u00d7-10.416-Zoll-2.png\" alt=\"Bild von Benjamin Klaus\" data-src=\"\/\/i0.wp.com\/radiosummernight.ch\/upload\/2019\/11\/cropped-WhatsApp-Image-2019-11-03-at-13.40.41-1.jpeg\">\n<div  class=\"col-padding-small col-padding-small-xs description-container\" data-type=\"column\">\n<h4  class=\"font-500\">Benjamin Klaus<\/h4>\n<p  class=\"small\" style=\"font-style: italic;\">Moderator<\/p>\n<div  class=\"social-icons-group\" data-type=\"group\"><\/div>\n<\/div>\n<\/div>\n<\/div>\n<div  class=\"col-sm-6 col-md-3\">\n<div  class=\"card y-move no-padding bordered\">\n<img decoding=\"async\" class=\"face ls-is-cached lazyloaded\" title=\"cropped-processed-AD7448C0-7A6A-4192-9E14-5AAD9242662C.jpeg\" src=\"https:\/\/radiosummernight.ch\/upload\/cropped-processed-AD7448C0-7A6A-4192-9E14-5AAD9242662C.jpeg\" alt=\"\" data-src=\"\/\/i0.wp.com\/radiosummernight.ch\/upload\/2019\/11\/cropped-WhatsApp-Image-2019-11-03-at-13.40.41-1.jpeg\">\n<div  class=\"col-padding-small col-padding-small-xs description-container\" data-type=\"column\">\n<h4  class=\"font-500\">Stella Trottmann<\/h4>\n<p  class=\"small\" style=\"font-style: italic;\">Moderatorin<\/p>\n<div  class=\"social-icons-group\" data-type=\"group\"><\/div>\n<\/div>\n<\/div>\n<\/div>\n<div  class=\"col-sm-6 col-md-3\">\n<div  class=\"card y-move no-padding bordered\">\n<img decoding=\"async\" class=\"face ls-is-cached lazyloaded\" title=\"Kein Titel (10.416 \u00d7 10.416 Zoll) (1)\" src=\"https:\/\/radiosummernight.ch\/upload\/Kein-Titel-10.416-\u00d7-10.416-Zoll-1.jpg\" alt=\"\" data-src=\"\/\/i0.wp.com\/radiosummernight.ch\/upload\/2019\/11\/cropped-WhatsApp-Image-2019-11-03-at-13.40.41-1.jpeg\">\n<div  class=\"col-padding-small col-padding-small-xs description-container\" data-type=\"column\">\n<h4  class=\"font-500\">B\u00e9atrice Bosshard<\/h4>\n<p  class=\"small\" style=\"font-style: italic;\">Moderatorin<\/p>\n<div  class=\"social-icons-group\" data-type=\"group\"><\/div>\n<\/div>\n<\/div>\n<\/div>\n<div  class=\"col-sm-6 col-md-3\">\n<div  class=\"card y-move no-padding bordered\">\n<img  decoding=\"async\" class=\"face lazyloaded\" title=\"Patrick Lange\" src=\"https:\/\/radiosummernight.ch\/upload\/2023\/01\/Design-ohne-Titel-30.png\" alt=\"Bild von Patrick Lange\" data-src=\"\/\/i0.wp.com\/radiosummernight.ch\/upload\/2018\/05\/cropped-WhatsApp-Image-2018-05-02-at-17.30.12-1.jpeg\">\n<div  class=\"col-padding-small col-padding-small-xs description-container\" data-type=\"column\">\n<h4  class=\"font-500\">Patrick Lange<\/h4>\n<p  class=\"small\" style=\"font-style: italic;\">IT\/ Support<\/p>\n<div  class=\"social-icons-group\" data-type=\"group\"><\/div>\n<\/div>\n<\/div>\n<\/div>\n<div  class=\"col-sm-6 col-md-3\">\n<div  class=\"card y-move no-padding bordered\">\n<img decoding=\"async\" class=\"face ls-is-cached lazyloaded\" title=\"4b8954b6-5860-4ff9-92c7-9718e9bdfadc\" src=\"https:\/\/radiosummernight.ch\/upload\/4b8954b6-5860-4ff9-92c7-9718e9bdfadc-scaled.jpeg\" alt=\"\" data-src=\"\/\/i0.wp.com\/radiosummernight.ch\/upload\/2019\/11\/cropped-WhatsApp-Image-2019-11-03-at-13.40.41-1.jpeg\">\n<div  class=\"col-padding-small col-padding-small-xs description-container\" data-type=\"column\">\n<h4  class=\"font-500\">Celina Marti<\/h4>\n<p  class=\"small\" style=\"font-style: italic;\">Moderatorin<\/p>\n<div  class=\"social-icons-group\" data-type=\"group\"><\/div>\n<\/div>\n<\/div>\n<\/div>\n<div  class=\"col-sm-6 col-md-3\">\n<div  class=\"card y-move no-padding bordered\">\n<img  decoding=\"async\" class=\"face lazyloaded\" title=\"Tobias Stuber\" src=\"https:\/\/radiosummernight.ch\/upload\/2023\/01\/Design-ohne-Titel-20.png\" alt=\"Bild von Tobias Stuber\" data-src=\"\/\/i0.wp.com\/radiosummernight.ch\/upload\/2019\/05\/cropped-Tobias.png\">\n<div  class=\"col-padding-small col-padding-small-xs description-container\" data-type=\"column\">\n<h4  class=\"font-500\">Tobias Stuber<\/h4>\n<p  class=\"small\" style=\"font-style: italic;\">Moderator<\/p>\n<div  class=\"social-icons-group\" data-type=\"group\"><\/div>\n<\/div>\n<\/div>\n<\/div>\n<div  class=\"col-sm-6 col-md-3\">\n<div  class=\"card y-move no-padding bordered\">\n<img decoding=\"async\" class=\"face ls-is-cached lazyloaded\" title=\"09e0c5de-5424-428d-b424-5eccf49a8e27\" src=\"https:\/\/radiosummernight.ch\/upload\/09e0c5de-5424-428d-b424-5eccf49a8e27.jpeg\" alt=\"\" data-src=\"\/\/i0.wp.com\/radiosummernight.ch\/upload\/2019\/11\/cropped-WhatsApp-Image-2019-11-03-at-13.40.41-1.jpeg\">\n<div  class=\"col-padding-small col-padding-small-xs description-container\" data-type=\"column\">\n<h4  class=\"font-500\">Enver Lezi<\/h4>\n<p  class=\"small\" style=\"font-style: italic;\">Moderator<\/p>\n<div  class=\"social-icons-group\" data-type=\"group\"><\/div>\n<\/div>\n<\/div>\n<\/div>\n<div  class=\"col-sm-6 col-md-3\">\n<div  class=\"card y-move no-padding bordered\">\n<img decoding=\"async\" class=\"face ls-is-cached lazyloaded\" title=\"IMG_7690\" src=\"https:\/\/radiosummernight.ch\/upload\/IMG_7690-scaled.jpeg\" alt=\"\" data-src=\"\/\/i0.wp.com\/radiosummernight.ch\/upload\/2019\/11\/cropped-WhatsApp-Image-2019-11-03-at-13.40.41-1.jpeg\">\n<div  class=\"col-padding-small col-padding-small-xs description-container\" data-type=\"column\">\n<h4  class=\"font-500\">Diana L\u00fcthy<\/h4>\n<p  class=\"small\" style=\"font-style: italic;\">Moderatorin<\/p>\n<div  class=\"social-icons-group\" data-type=\"group\"><\/div>\n<\/div>\n<\/div>\n<\/div>\n<div  class=\"col-sm-6 col-md-3\">\n<div  class=\"card y-move no-padding bordered\">\n<img decoding=\"async\" class=\"face ls-is-cached lazyloaded\" title=\"IMG_5163\" src=\"https:\/\/radiosummernight.ch\/upload\/cropped-IMG_5163-scaled-1.jpeg\" alt=\"\" data-src=\"\/\/i0.wp.com\/radiosummernight.ch\/upload\/2019\/11\/cropped-WhatsApp-Image-2019-11-03-at-13.40.41-1.jpeg\">\n<div  class=\"col-padding-small col-padding-small-xs description-container\" data-type=\"column\">\n<h4  class=\"font-500\">Dominik Villiger<\/h4>\n<p  class=\"small\" style=\"font-style: italic;\">Radiomoderator<\/p>\n<div  class=\"social-icons-group\" data-type=\"group\"><\/div>\n<\/div>\n<\/div>\n<\/div>\n<div  class=\"col-sm-6 col-md-3\">\n<div  class=\"card y-move no-padding bordered\">\n<img decoding=\"async\" class=\"face ls-is-cached lazyloaded\" title=\"cropped-64157330-e95e-45e0-bc13-a28835ffa75b.jpeg\" src=\"https:\/\/radiosummernight.ch\/upload\/cropped-64157330-e95e-45e0-bc13-a28835ffa75b.jpeg\" alt=\"\" data-src=\"\/\/i0.wp.com\/radiosummernight.ch\/upload\/2019\/11\/cropped-WhatsApp-Image-2019-11-03-at-13.40.41-1.jpeg\">\n<div  class=\"col-padding-small col-padding-small-xs description-container\" data-type=\"column\">\n<h4  class=\"font-500\">Louis Tenger<\/h4>\n<p  class=\"small\" style=\"font-style: italic;\">OK Jugendfetsival<\/p>\n<div  class=\"social-icons-group\" data-type=\"group\"><\/div>\n<\/div>\n<\/div>\n<\/div>\n<div  class=\"col-sm-6 col-md-3\">\n<div  class=\"card y-move no-padding bordered\">\n<img  decoding=\"async\" class=\"face lazyloaded\" title=\"Julian Beuter\" src=\"https:\/\/radiosummernight.ch\/upload\/2023\/01\/Design-ohne-Titel-29.png\" alt=\"Bild von Julian Beuter \" data-src=\"\/\/i0.wp.com\/radiosummernight.ch\/upload\/2020\/01\/cropped-cropped-WhatsApp-Image-2018-05-02-at-15.16.11-1.jpeg\">\n<div  class=\"col-padding-small col-padding-small-xs description-container\" data-type=\"column\">\n<h4  class=\"font-500\">Julian Beuter<\/h4>\n<p  class=\"small\" style=\"font-style: italic;\">Moderator<\/p>\n<div  class=\"social-icons-group\" data-type=\"group\"><\/div>\n<\/div>\n<\/div>\n<\/div>\n<div  class=\"col-sm-6 col-md-3\">\n<div  class=\"card y-move no-padding bordered\">\n<img decoding=\"async\" class=\"face ls-is-cached lazyloaded\" title=\"cropped-Ruben.png\" src=\"https:\/\/radiosummernight.ch\/upload\/cropped-Ruben.png\" alt=\"\" data-src=\"\/\/i0.wp.com\/radiosummernight.ch\/upload\/2019\/11\/cropped-WhatsApp-Image-2019-11-03-at-13.40.41-1.jpeg\">\n<div  class=\"col-padding-small col-padding-small-xs description-container\" data-type=\"column\">\n<h4  class=\"font-500\">Ruben Halford Maw<\/h4>\n<p  class=\"small\" style=\"font-style: italic;\">Podcaster \/ Moderator<\/p>\n<div  class=\"social-icons-group\" data-type=\"group\"><\/div>\n<\/div>\n<\/div>\n<\/div>\n<div  class=\"col-sm-6 col-md-3\">\n<div  class=\"card y-move no-padding bordered\">\n<img decoding=\"async\" class=\"face ls-is-cached lazyloaded\" title=\"Ben\" src=\"https:\/\/radiosummernight.ch\/upload\/cropped-cropped-IMG_9175-scaled-1.jpg\" alt=\"\" data-src=\"\/\/i0.wp.com\/radiosummernight.ch\/upload\/2019\/11\/cropped-WhatsApp-Image-2019-11-03-at-13.40.41-1.jpeg\">\n<div  class=\"col-padding-small col-padding-small-xs description-container\" data-type=\"column\">\n<h4  class=\"font-500\">Ben L\u00fcthy<\/h4>\n<p  class=\"small\" style=\"font-style: italic;\">Moderator<\/p>\n<div  class=\"social-icons-group\" data-type=\"group\"><\/div>\n<\/div>\n<\/div>\n<\/div><\/div>\n<\/div>\n<\/div><script  src=\"moz-extension:\/\/ff3f77da-0068-4b6b-92d4-b173327a0cfe\/inject-scripts\/searchvideos.js\"><\/script><center ><script  src=\"https:\/\/pagead2.googlesyndication.com\/pagead\/js\/adsbygoogle.js\"><\/script> <ins  class=\"adsbygoogle\" style=\"display: block; height: 0px;\" data-ad-slot=\"9770637253\" data-ad-client=\"ca-pub-4520421214130778\" data-ad-format=\"auto\" data-adsbygoogle-status=\"done\" data-full-width-responsive=\"true\"><\/ins> <script >(adsbygoogle=window.adsbygoogle||[]).push({});<\/script><\/center>","protected":false},"excerpt":{"rendered":"<p>Gian-Luca Biechler Leitung Radio &amp; Kurse Christian Duss Finanzen&nbsp;| Fundraising Leon Fiechter Leitung Ausbildung Aline Binder Praktikantin Sandra Biechler Mitarbeiterin Bildung &amp; Medienarbeit Stefan Felder Moderator \/ Podcaster Patrick Bolzern Moderator Alec Nedic Moderator Ramon Sch\u00e4lchli Moderator Dominik Hofmann Moderator Veronica Confessore Moderatorin \/ Podcasterin Julien Cadisch Moderator Jael Oberholzer Moderatorin Benjamin Klaus Moderator Stella&hellip; <br \/> <a class=\"read-more\" href=\"https:\/\/radiosummernight.ch\/fr\/team\/\">Read more<\/a><\/p>","protected":false},"author":1,"featured_media":0,"parent":0,"menu_order":0,"comment_status":"closed","ping_status":"closed","template":"","meta":{"episode_type":"","audio_file":"","podmotor_file_id":"","podmotor_episode_id":"","cover_image":"","cover_image_id":"","duration":"","filesize":"","filesize_raw":"","date_recorded":"","explicit":"","block":"","itunes_episode_number":"","itunes_title":"","itunes_season_number":"","itunes_episode_type":"","footnotes":""},"class_list":["post-7212","page","type-page","status-publish","hentry"],"_links":{"self":[{"href":"https:\/\/radiosummernight.ch\/fr\/wp-json\/wp\/v2\/pages\/7212","targetHints":{"allow":["GET"]}}],"collection":[{"href":"https:\/\/radiosummernight.ch\/fr\/wp-json\/wp\/v2\/pages"}],"about":[{"href":"https:\/\/radiosummernight.ch\/fr\/wp-json\/wp\/v2\/types\/page"}],"author":[{"embeddable":true,"href":"https:\/\/radiosummernight.ch\/fr\/wp-json\/wp\/v2\/users\/1"}],"replies":[{"embeddable":true,"href":"https:\/\/radiosummernight.ch\/fr\/wp-json\/wp\/v2\/comments?post=7212"}],"version-history":[{"count":8,"href":"https:\/\/radiosummernight.ch\/fr\/wp-json\/wp\/v2\/pages\/7212\/revisions"}],"predecessor-version":[{"id":27937,"href":"https:\/\/radiosummernight.ch\/fr\/wp-json\/wp\/v2\/pages\/7212\/revisions\/27937"}],"wp:attachment":[{"href":"https:\/\/radiosummernight.ch\/fr\/wp-json\/wp\/v2\/media?parent=7212"}],"curies":[{"name":"wp","href":"https:\/\/api.w.org\/{rel}","templated":true}]}}