{"id":9,"date":"2018-05-01T11:52:58","date_gmt":"2018-05-01T11:52:58","guid":{"rendered":"http:\/\/beta.radiosummernight.ch\/Beta\/?page_id=9"},"modified":"2026-02-02T09:30:54","modified_gmt":"2026-02-02T08:30:54","slug":"kontakt","status":"publish","type":"page","link":"https:\/\/radiosummernight.ch\/fr\/kontakt\/","title":{"rendered":"Contact"},"content":{"rendered":"<div  data-label=\"Content\" data-id=\"content--1\" data-export-id=\"content-6\" data-category=\"content\" class=\"content-6 content-section content-section-spacing\" id=\"content-1\" style=\"background-color: rgb(255, 255, 255); background-image: none;\"><div  class=\"gridContainer\"><div  class=\"row middle-sm\"><div  class=\"col-sm-6\"><div  class=\"row\"><div  class=\"col-xs-12 space-bottom\" data-type=\"column\"><\/div><div  data-type=\"row\" class=\"row\"><div  class=\"row space-bottom force-align col-md-12\"><div  class=\"col-xs-12 col-sm-fit text-center\"><i  class=\"fa icon fa-home big color1\"><\/i><\/div><div  class=\"col-xs-12 col-sm\" data-type=\"column\"><h5  class=\"color1\" style=\"text-align: left;\">Studio Aarau<\/h5><p  class=\"\" style=\"text-align: left;\"><span  style=\"font-weight: 300;\">M\u00e9dias jeunesse argoviens<\/span><br >Igelweid 1<br ><span  style=\"font-weight: 300;\"> 5000 Aarau<br >Telefon: 062 511 03 05<\/span><br ><span  style=\"font-weight: 300;\"> E-Mail:&nbsp;<a  data-mce-href=\"mailto:info@radiosummernight.ch\" href=\"mailto:info@radiosummernight.ch\" target=\"_self\" data-mce-selected=\"inline-boundary\" data-cp-link=\"1\" rel=\"noopener\">info@aargauer-jugendmedien.ch<\/a>&nbsp;(merci de ne pas envoyer de mails promotionnels)<\/span><\/p><\/div><\/div><div  class=\"row space-bottom force-align col-md-12\"><div  class=\"col-xs-12 col-sm-fit text-center\"> <i  class=\"fa icon fa-home big color1\"><\/i><\/div><div  class=\"col-xs-12 col-sm\" data-type=\"column\"><h5  class=\"color1\" style=\"text-align: left;\">Studio R\u00fcti ZH<\/h5><p  class=\"\" style=\"text-align: left;\"><span  style=\"font-weight: 300;\">Radio jeunesse zurichoise<\/span><br ><span  style=\"font-weight: 300;\">Joweid Zentrum 4 <\/span><br ><span  style=\"font-weight: 300;\">8630 R\u00fcti ZH\n\n<\/span>Telefon: 055 589 67 60<br ><span  style=\"font-weight: 300;\"> E-Mail: <a  data-mce-href=\"mailto:info@zuercher-jugendradio.ch\" href=\"mailto:info@zuercher-jugendradio.ch\" target=\"_self\" data-mce-selected=\"inline-boundary\" data-cp-link=\"1\" rel=\"noopener\">info@zuercher-jugendradio.ch<\/a><\/span><span  style=\"font-weight: 300;\">&nbsp;(merci de ne pas envoyer de mails promotionnels)<\/span><\/p><\/div><\/div><div  class=\"row space-bottom force-align col-md-12\"><div  class=\"col-xs-12 col-sm-fit text-center\"> <i  class=\"fa icon fa-microphone big color1\"><\/i><\/div><div  class=\"col-xs-12 col-sm\" data-type=\"column\"><h5  class=\"color1\" style=\"text-align: left;\">R\u00e9daction &amp; Animation<\/h5><p  class=\"\" style=\"text-align: left;\">Telefon &amp; Whatsapp: <a  data-mce-href=\"tel:+41625110305\" href=\"tel:+41625110305\" target=\"_self\" data-mce-selected=\"inline-boundary\" data-cp-link=\"1\" rel=\"noopener\">0625110305<\/a> <br >Communiqu\u00e9s de presse : <a  data-mce-href=\"mailto:redaktion@radiosummernight.ch\" href=\"mailto:redaktion@radiosummernight.ch\" target=\"_self\" data-mce-selected=\"inline-boundary\" data-cp-link=\"1\" rel=\"noopener\">redaktion@radiosummernight.ch<\/a><br > Les e-mails promotionnels sont \u00e0 envoyer via <a  data-mce-href=\"..\/bemusterung\/\" href=\"https:\/\/radiosummernight.ch\/fr\/bemusterung\/\" target=\"lightbox\" data-mce-selected=\"inline-boundary\" data-cp-link=\"1\" rel=\"noopener\">Formulaire<\/a> pour l'envoyer.<\/p><\/div><\/div><div  class=\"row space-bottom force-align col-md-12\"><div  class=\"col-xs-12 col-sm-fit text-center\"><i  class=\"fa icon fa-institution big color1\"><\/i><\/div><div  class=\"col-xs-12 col-sm\" data-type=\"column\"><h5  class=\"color1\" style=\"text-align: left;\">Service de m\u00e9diation<\/h5><p  class=\"\" style=\"text-align: left;\">Cabinet d'avocats Dr. Oliver Sidler<br > Bo\u00eete postale 462<br > 6403 K\u00fcssnacht am Rigi<br >Service de m\u00e9diation RTV \/ sidler@ombudsman-rtv-priv.ch<\/p><\/div><\/div><div  class=\"row space-bottom force-align col-md-12\"><div  class=\"col-xs-12 col-sm-fit text-center\"><i  class=\"fa icon fa-headphones big color1\"><\/i><\/div><div  class=\"col-xs-12 col-sm\" data-type=\"column\"><h5  class=\"color1\" style=\"text-align: left;\">Gema &amp; GVL<\/h5><p  class=\"\" style=\"text-align: left;\">Radiostream von Radio Summernight:<br >\nLaut AG<br >\nSeilerstrasse 7<br >\n78467 Konstanz<br ><br >\nRemarque:<br >\nDie LAUT AG stellt ausschliesslich den technischen Stream f\u00fcr Radio Summernight bereit. Inhalte, Programm und Redaktion verantwortet das Aaraguer und Z\u00fcrcher Jugendradio selbst.<\/p><\/div><\/div><\/div><\/div><\/div><div  class=\"col-sm-6 flexbox around-xs top-xs space-bottom-xs\"><div  class=\"overlay-box flexbox middle-xs center-xs overlay-holder\"><div  class=\"overlay-box-offset offset-border shadow-medium border-color2 hide-xs\"><\/div> <img wpfc-lazyload-disable=\"true\" decoding=\"async\" class=\"flexbox shadow-large img1\" data-size=\"485x632\" src=\"https:\/\/radiosummernight.ch\/upload\/2023\/04\/DSC02694-2-scaled.jpg\" title=\"DSC02694-2\" alt=\"\"><\/div><\/div><\/div><\/div><\/div>","protected":false},"excerpt":{"rendered":"<p>Studio AarauAargauer JugendmedienIgelweid 1 5000 AarauTelefon: 062 511 03 05 E-Mail:&nbsp;info@aargauer-jugendmedien.ch&nbsp;(bitte keine Promo-Mails) Studio R\u00fcti ZHZ\u00fcrcher JugendradioJoweid Zentrum 4 8630 R\u00fcti ZH Telefon: 055 589 67 60 E-Mail: info@zuercher-jugendradio.ch&nbsp;(bitte keine Promo-Mails) Redaktion &amp; ModerationTelefon &amp; Whatsapp: 0625110305\ufeff Pressemitteilungen: redaktion@radiosummernight.ch Promo-Mails bitte via Formular einsenden.OmbudsstelleAnwaltsb\u00fcro Dr. Oliver Sidler Postfach 462 6403 K\u00fcssnacht am RigiOmbudsstelle RTV \/&hellip; <br \/> <a class=\"read-more\" href=\"https:\/\/radiosummernight.ch\/fr\/kontakt\/\">Read more<\/a><\/p>","protected":false},"author":1,"featured_media":0,"parent":0,"menu_order":0,"comment_status":"closed","ping_status":"closed","template":"pro\/page-templates\/full-width-page.php","meta":{"episode_type":"","audio_file":"","podmotor_file_id":"","podmotor_episode_id":"","cover_image":"","cover_image_id":"","duration":"","filesize":"","filesize_raw":"","date_recorded":"","explicit":"","block":"","itunes_episode_number":"","itunes_title":"","itunes_season_number":"","itunes_episode_type":"","footnotes":""},"class_list":["post-9","page","type-page","status-publish","hentry"],"_links":{"self":[{"href":"https:\/\/radiosummernight.ch\/fr\/wp-json\/wp\/v2\/pages\/9","targetHints":{"allow":["GET"]}}],"collection":[{"href":"https:\/\/radiosummernight.ch\/fr\/wp-json\/wp\/v2\/pages"}],"about":[{"href":"https:\/\/radiosummernight.ch\/fr\/wp-json\/wp\/v2\/types\/page"}],"author":[{"embeddable":true,"href":"https:\/\/radiosummernight.ch\/fr\/wp-json\/wp\/v2\/users\/1"}],"replies":[{"embeddable":true,"href":"https:\/\/radiosummernight.ch\/fr\/wp-json\/wp\/v2\/comments?post=9"}],"version-history":[{"count":4,"href":"https:\/\/radiosummernight.ch\/fr\/wp-json\/wp\/v2\/pages\/9\/revisions"}],"predecessor-version":[{"id":27267,"href":"https:\/\/radiosummernight.ch\/fr\/wp-json\/wp\/v2\/pages\/9\/revisions\/27267"}],"wp:attachment":[{"href":"https:\/\/radiosummernight.ch\/fr\/wp-json\/wp\/v2\/media?parent=9"}],"curies":[{"name":"wp","href":"https:\/\/api.w.org\/{rel}","templated":true}]}}